{"id":235,"date":"2024-06-13T10:40:48","date_gmt":"2024-06-13T10:40:48","guid":{"rendered":"https:\/\/dev.lelo.com\/de\/blog\/?page_id=235"},"modified":"2024-06-13T11:01:42","modified_gmt":"2024-06-13T11:01:42","slug":"experten-und-expertinnen","status":"publish","type":"page","link":"https:\/\/www.lelo.com\/de\/blog\/experten-und-expertinnen\/","title":{"rendered":"Experten und Expertinnen"},"content":{"rendered":"\t\t<div data-elementor-type=\"wp-page\" data-elementor-id=\"235\" class=\"elementor elementor-235\">\n\t\t\t\t<div class=\"elementor-element elementor-element-0edc210 e-flex e-con-boxed e-con e-parent\" data-id=\"0edc210\" data-element_type=\"container\">\n\t\t\t\t\t<div class=\"e-con-inner\">\n\t\t\t\t<div class=\"elementor-element elementor-element-ed026ca elementor-widget elementor-widget-text-editor\" data-id=\"ed026ca\" data-element_type=\"widget\" data-widget_type=\"text-editor.default\">\n\t\t\t\t<div class=\"elementor-widget-container\">\n\t\t\t\t\t\t\t\t\t<p><span style=\"font-weight: 400;\">Unser wissenschaftlicher und medizinischer Beirat, der aus Experten und Expertinnen der Branche besteht, wurde geschaffen, um fundierte Informationen \u00fcber sexuelle Gesundheit und sexuelles Wohlbefinden sowie \u00fcber die zahlreichen Vorteile unserer Produkte zu liefern. Die einzelnen Fachleute nutzen ihre individuelle Expertise zur \u00dcberpr\u00fcfung von Fakten und zur Erstellung neuer Inhalte, um uns \u00fcber Forschungsergebnisse und wissenschaftliche Fortschritte auf dem Laufenden zu halten. Als Vordenkende unterst\u00fctzen sie die Initiative von LELO, dar\u00fcber nachzudenken, wie wir \u00fcber Sex sprechen und mit Sex umgehen, um unser Vergn\u00fcgen selbst in die Hand zu nehmen.<\/span><\/p>\t\t\t\t\t\t\t\t<\/div>\n\t\t\t\t<\/div>\n\t\t\t\t\t<\/div>\n\t\t\t\t<\/div>\n\t\t\t\t<\/div>\n\t\t","protected":false},"excerpt":{"rendered":"<p>Unser wissenschaftlicher und medizinischer Beirat, der aus Experten und Expertinnen der Branche besteht, wurde geschaffen, um fundierte Informationen \u00fcber sexuelle Gesundheit und sexuelles Wohlbefinden sowie \u00fcber die zahlreichen Vorteile unserer Produkte zu liefern. Die einzelnen Fachleute nutzen ihre individuelle Expertise zur \u00dcberpr\u00fcfung von Fakten und zur Erstellung neuer Inhalte, um uns \u00fcber Forschungsergebnisse und wissenschaftliche Fortschritte auf dem Laufenden zu halten. Als Vordenkende unterst\u00fctzen sie die Initiative von LELO, dar\u00fcber nachzudenken, wie wir \u00fcber Sex sprechen und mit Sex umgehen, [&hellip;]<\/p>\n","protected":false},"author":5,"featured_media":236,"parent":0,"menu_order":0,"comment_status":"closed","ping_status":"closed","template":"page-meet-the-team-full.php","meta":{"_acf_changed":false,"footnotes":""},"coauthors":[14],"class_list":["post-235","page","type-page","status-publish","has-post-thumbnail","hentry"],"acf":[],"yoast_head":"<!-- This site is optimized with the Yoast SEO plugin v24.8 - https:\/\/yoast.com\/wordpress\/plugins\/seo\/ -->\n<title>Experten und Expertinnen - Volonte<\/title>\n<meta name=\"robots\" content=\"index, follow, max-snippet:-1, max-image-preview:large, max-video-preview:-1\" \/>\n<link rel=\"canonical\" href=\"https:\/\/www.lelo.com\/de\/blog\/experten-und-expertinnen\/\" \/>\n<meta property=\"og:locale\" content=\"en_US\" \/>\n<meta property=\"og:type\" content=\"article\" \/>\n<meta property=\"og:title\" content=\"Experten und Expertinnen - Volonte\" \/>\n<meta property=\"og:description\" content=\"Unser wissenschaftlicher und medizinischer Beirat, der aus Experten und Expertinnen der Branche besteht, wurde geschaffen, um fundierte Informationen \u00fcber sexuelle Gesundheit und sexuelles Wohlbefinden sowie \u00fcber die zahlreichen Vorteile unserer Produkte zu liefern. Die einzelnen Fachleute nutzen ihre individuelle Expertise zur \u00dcberpr\u00fcfung von Fakten und zur Erstellung neuer Inhalte, um uns \u00fcber Forschungsergebnisse und wissenschaftliche Fortschritte auf dem Laufenden zu halten. Als Vordenkende unterst\u00fctzen sie die Initiative von LELO, dar\u00fcber nachzudenken, wie wir \u00fcber Sex sprechen und mit Sex umgehen, [&hellip;]\" \/>\n<meta property=\"og:url\" content=\"https:\/\/www.lelo.com\/de\/blog\/experten-und-expertinnen\/\" \/>\n<meta property=\"og:site_name\" content=\"Volonte\" \/>\n<meta property=\"article:modified_time\" content=\"2024-06-13T11:01:42+00:00\" \/>\n<meta property=\"og:image\" content=\"https:\/\/www.lelo.com\/de\/blog\/wp-content\/uploads\/2024\/06\/lelo-volonte.jpg\" \/>\n\t<meta property=\"og:image:width\" content=\"660\" \/>\n\t<meta property=\"og:image:height\" content=\"330\" \/>\n\t<meta property=\"og:image:type\" content=\"image\/jpeg\" \/>\n<meta name=\"twitter:card\" content=\"summary_large_image\" \/>\n<meta name=\"twitter:label1\" content=\"Est. reading time\" \/>\n\t<meta name=\"twitter:data1\" content=\"1 minute\" \/>\n\t<meta name=\"twitter:label2\" content=\"Written by\" \/>\n\t<meta name=\"twitter:data2\" content=\"Domagoj Peti\" \/>\n<script type=\"application\/ld+json\" class=\"yoast-schema-graph\">{\"@context\":\"https:\/\/schema.org\",\"@graph\":[{\"@type\":\"WebPage\",\"@id\":\"https:\/\/www.lelo.com\/de\/blog\/experten-und-expertinnen\/\",\"url\":\"https:\/\/www.lelo.com\/de\/blog\/experten-und-expertinnen\/\",\"name\":\"Experten und Expertinnen - Volonte\",\"isPartOf\":{\"@id\":\"https:\/\/www.lelo.com\/de\/blog\/#website\"},\"primaryImageOfPage\":{\"@id\":\"https:\/\/www.lelo.com\/de\/blog\/experten-und-expertinnen\/#primaryimage\"},\"image\":{\"@id\":\"https:\/\/www.lelo.com\/de\/blog\/experten-und-expertinnen\/#primaryimage\"},\"thumbnailUrl\":\"https:\/\/www.lelo.com\/de\/blog\/wp-content\/uploads\/2024\/06\/lelo-volonte.jpg\",\"datePublished\":\"2024-06-13T10:40:48+00:00\",\"dateModified\":\"2024-06-13T11:01:42+00:00\",\"breadcrumb\":{\"@id\":\"https:\/\/www.lelo.com\/de\/blog\/experten-und-expertinnen\/#breadcrumb\"},\"inLanguage\":\"en-US\",\"potentialAction\":[{\"@type\":\"ReadAction\",\"target\":[\"https:\/\/www.lelo.com\/de\/blog\/experten-und-expertinnen\/\"]}]},{\"@type\":\"ImageObject\",\"inLanguage\":\"en-US\",\"@id\":\"https:\/\/www.lelo.com\/de\/blog\/experten-und-expertinnen\/#primaryimage\",\"url\":\"https:\/\/www.lelo.com\/de\/blog\/wp-content\/uploads\/2024\/06\/lelo-volonte.jpg\",\"contentUrl\":\"https:\/\/www.lelo.com\/de\/blog\/wp-content\/uploads\/2024\/06\/lelo-volonte.jpg\",\"width\":660,\"height\":330},{\"@type\":\"BreadcrumbList\",\"@id\":\"https:\/\/www.lelo.com\/de\/blog\/experten-und-expertinnen\/#breadcrumb\",\"itemListElement\":[{\"@type\":\"ListItem\",\"position\":1,\"name\":\"Home\",\"item\":\"https:\/\/www.lelo.com\/de\/blog\/\"},{\"@type\":\"ListItem\",\"position\":2,\"name\":\"Experten und Expertinnen\"}]},{\"@type\":\"WebSite\",\"@id\":\"https:\/\/www.lelo.com\/de\/blog\/#website\",\"url\":\"https:\/\/www.lelo.com\/de\/blog\/\",\"name\":\"Volonte\",\"description\":\"\",\"publisher\":{\"@id\":\"https:\/\/www.lelo.com\/de\/blog\/#organization\"},\"potentialAction\":[{\"@type\":\"SearchAction\",\"target\":{\"@type\":\"EntryPoint\",\"urlTemplate\":\"https:\/\/www.lelo.com\/de\/blog\/?s={search_term_string}\"},\"query-input\":{\"@type\":\"PropertyValueSpecification\",\"valueRequired\":true,\"valueName\":\"search_term_string\"}}],\"inLanguage\":\"en-US\"},{\"@type\":\"Organization\",\"@id\":\"https:\/\/www.lelo.com\/de\/blog\/#organization\",\"name\":\"Volonte\",\"url\":\"https:\/\/www.lelo.com\/de\/blog\/\",\"logo\":{\"@type\":\"ImageObject\",\"inLanguage\":\"en-US\",\"@id\":\"https:\/\/www.lelo.com\/de\/blog\/#\/schema\/logo\/image\/\",\"url\":\"https:\/\/www.lelo.com\/de\/blog\/wp-content\/uploads\/2024\/04\/volonte-logo-3.png\",\"contentUrl\":\"https:\/\/www.lelo.com\/de\/blog\/wp-content\/uploads\/2024\/04\/volonte-logo-3.png\",\"width\":220,\"height\":80,\"caption\":\"Volonte\"},\"image\":{\"@id\":\"https:\/\/www.lelo.com\/de\/blog\/#\/schema\/logo\/image\/\"}}]}<\/script>\n<!-- \/ Yoast SEO plugin. -->","yoast_head_json":{"title":"Experten und Expertinnen - Volonte","robots":{"index":"index","follow":"follow","max-snippet":"max-snippet:-1","max-image-preview":"max-image-preview:large","max-video-preview":"max-video-preview:-1"},"canonical":"https:\/\/www.lelo.com\/de\/blog\/experten-und-expertinnen\/","og_locale":"en_US","og_type":"article","og_title":"Experten und Expertinnen - Volonte","og_description":"Unser wissenschaftlicher und medizinischer Beirat, der aus Experten und Expertinnen der Branche besteht, wurde geschaffen, um fundierte Informationen \u00fcber sexuelle Gesundheit und sexuelles Wohlbefinden sowie \u00fcber die zahlreichen Vorteile unserer Produkte zu liefern. Die einzelnen Fachleute nutzen ihre individuelle Expertise zur \u00dcberpr\u00fcfung von Fakten und zur Erstellung neuer Inhalte, um uns \u00fcber Forschungsergebnisse und wissenschaftliche Fortschritte auf dem Laufenden zu halten. Als Vordenkende unterst\u00fctzen sie die Initiative von LELO, dar\u00fcber nachzudenken, wie wir \u00fcber Sex sprechen und mit Sex umgehen, [&hellip;]","og_url":"https:\/\/www.lelo.com\/de\/blog\/experten-und-expertinnen\/","og_site_name":"Volonte","article_modified_time":"2024-06-13T11:01:42+00:00","og_image":[{"width":660,"height":330,"url":"https:\/\/www.lelo.com\/de\/blog\/wp-content\/uploads\/2024\/06\/lelo-volonte.jpg","type":"image\/jpeg"}],"twitter_card":"summary_large_image","twitter_misc":{"Est. reading time":"1 minute","Written by":"Domagoj Peti"},"schema":{"@context":"https:\/\/schema.org","@graph":[{"@type":"WebPage","@id":"https:\/\/www.lelo.com\/de\/blog\/experten-und-expertinnen\/","url":"https:\/\/www.lelo.com\/de\/blog\/experten-und-expertinnen\/","name":"Experten und Expertinnen - Volonte","isPartOf":{"@id":"https:\/\/www.lelo.com\/de\/blog\/#website"},"primaryImageOfPage":{"@id":"https:\/\/www.lelo.com\/de\/blog\/experten-und-expertinnen\/#primaryimage"},"image":{"@id":"https:\/\/www.lelo.com\/de\/blog\/experten-und-expertinnen\/#primaryimage"},"thumbnailUrl":"https:\/\/www.lelo.com\/de\/blog\/wp-content\/uploads\/2024\/06\/lelo-volonte.jpg","datePublished":"2024-06-13T10:40:48+00:00","dateModified":"2024-06-13T11:01:42+00:00","breadcrumb":{"@id":"https:\/\/www.lelo.com\/de\/blog\/experten-und-expertinnen\/#breadcrumb"},"inLanguage":"en-US","potentialAction":[{"@type":"ReadAction","target":["https:\/\/www.lelo.com\/de\/blog\/experten-und-expertinnen\/"]}]},{"@type":"ImageObject","inLanguage":"en-US","@id":"https:\/\/www.lelo.com\/de\/blog\/experten-und-expertinnen\/#primaryimage","url":"https:\/\/www.lelo.com\/de\/blog\/wp-content\/uploads\/2024\/06\/lelo-volonte.jpg","contentUrl":"https:\/\/www.lelo.com\/de\/blog\/wp-content\/uploads\/2024\/06\/lelo-volonte.jpg","width":660,"height":330},{"@type":"BreadcrumbList","@id":"https:\/\/www.lelo.com\/de\/blog\/experten-und-expertinnen\/#breadcrumb","itemListElement":[{"@type":"ListItem","position":1,"name":"Home","item":"https:\/\/www.lelo.com\/de\/blog\/"},{"@type":"ListItem","position":2,"name":"Experten und Expertinnen"}]},{"@type":"WebSite","@id":"https:\/\/www.lelo.com\/de\/blog\/#website","url":"https:\/\/www.lelo.com\/de\/blog\/","name":"Volonte","description":"","publisher":{"@id":"https:\/\/www.lelo.com\/de\/blog\/#organization"},"potentialAction":[{"@type":"SearchAction","target":{"@type":"EntryPoint","urlTemplate":"https:\/\/www.lelo.com\/de\/blog\/?s={search_term_string}"},"query-input":{"@type":"PropertyValueSpecification","valueRequired":true,"valueName":"search_term_string"}}],"inLanguage":"en-US"},{"@type":"Organization","@id":"https:\/\/www.lelo.com\/de\/blog\/#organization","name":"Volonte","url":"https:\/\/www.lelo.com\/de\/blog\/","logo":{"@type":"ImageObject","inLanguage":"en-US","@id":"https:\/\/www.lelo.com\/de\/blog\/#\/schema\/logo\/image\/","url":"https:\/\/www.lelo.com\/de\/blog\/wp-content\/uploads\/2024\/04\/volonte-logo-3.png","contentUrl":"https:\/\/www.lelo.com\/de\/blog\/wp-content\/uploads\/2024\/04\/volonte-logo-3.png","width":220,"height":80,"caption":"Volonte"},"image":{"@id":"https:\/\/www.lelo.com\/de\/blog\/#\/schema\/logo\/image\/"}}]}},"_links":{"self":[{"href":"https:\/\/www.lelo.com\/de\/blog\/wp-json\/wp\/v2\/pages\/235","targetHints":{"allow":["GET"]}}],"collection":[{"href":"https:\/\/www.lelo.com\/de\/blog\/wp-json\/wp\/v2\/pages"}],"about":[{"href":"https:\/\/www.lelo.com\/de\/blog\/wp-json\/wp\/v2\/types\/page"}],"author":[{"embeddable":true,"href":"https:\/\/www.lelo.com\/de\/blog\/wp-json\/wp\/v2\/users\/5"}],"replies":[{"embeddable":true,"href":"https:\/\/www.lelo.com\/de\/blog\/wp-json\/wp\/v2\/comments?post=235"}],"version-history":[{"count":4,"href":"https:\/\/www.lelo.com\/de\/blog\/wp-json\/wp\/v2\/pages\/235\/revisions"}],"predecessor-version":[{"id":243,"href":"https:\/\/www.lelo.com\/de\/blog\/wp-json\/wp\/v2\/pages\/235\/revisions\/243"}],"wp:featuredmedia":[{"embeddable":true,"href":"https:\/\/www.lelo.com\/de\/blog\/wp-json\/wp\/v2\/media\/236"}],"wp:attachment":[{"href":"https:\/\/www.lelo.com\/de\/blog\/wp-json\/wp\/v2\/media?parent=235"}],"wp:term":[{"taxonomy":"author","embeddable":true,"href":"https:\/\/www.lelo.com\/de\/blog\/wp-json\/wp\/v2\/coauthors?post=235"}],"curies":[{"name":"wp","href":"https:\/\/api.w.org\/{rel}","templated":true}]}}