{"id":63,"date":"2024-05-28T13:37:57","date_gmt":"2024-05-28T13:37:57","guid":{"rendered":"https:\/\/dev.lelo.com\/de\/blog\/?page_id=63"},"modified":"2024-09-23T09:26:13","modified_gmt":"2024-09-23T09:26:13","slug":"about-us-2","status":"publish","type":"page","link":"https:\/\/www.lelo.com\/de\/blog\/about-us-2\/","title":{"rendered":"\u00dcber uns &#8211; LELO"},"content":{"rendered":"\t\t<div data-elementor-type=\"wp-page\" data-elementor-id=\"63\" class=\"elementor elementor-63\">\n\t\t\t\t<div class=\"elementor-element elementor-element-a7db042 e-flex e-con-boxed e-con e-parent\" data-id=\"a7db042\" data-element_type=\"container\">\n\t\t\t\t\t<div class=\"e-con-inner\">\n\t\t\t\t<div class=\"elementor-element elementor-element-f202952 elementor-widget elementor-widget-heading\" data-id=\"f202952\" data-element_type=\"widget\" data-widget_type=\"heading.default\">\n\t\t\t\t<div class=\"elementor-widget-container\">\n\t\t\t\t\t<h2 class=\"elementor-heading-title elementor-size-default\">WILLKOMMEN BEI VOLONT\u00c9<\/h2>\t\t\t\t<\/div>\n\t\t\t\t<\/div>\n\t\t\t\t<div class=\"elementor-element elementor-element-ef41258 elementor-widget elementor-widget-text-editor\" data-id=\"ef41258\" data-element_type=\"widget\" data-widget_type=\"text-editor.default\">\n\t\t\t\t<div class=\"elementor-widget-container\">\n\t\t\t\t\t\t\t\t\t<p>Volont\u00e9 ist der News- und Ratgeber-Blog von <span style=\"text-decoration: underline;\"><strong><a href=\"https:\/\/www.lelo.com\/de\">LELO<\/a><\/strong><\/span>. Mit zahlreichen Beitr\u00e4gen aus der ganzen Welt und Versionen in mehreren Sprachen ist Volont\u00e9 seit 2011 die Top-Adresse der Sexspielzeug-Branche f\u00fcr sexy Tipps, echte Ratschl\u00e4ge und einen Blick hinter die Kulissen von LELO. <a href=\"https:\/\/www.lelo.com\/de\/blog\/experten-und-expertinnen\/\"><span style=\"text-decoration: underline;\"><strong>Wir arbeiten au\u00dferdem mit einer Gruppe von Medizinern und Medizinerinnen<\/strong><\/span><\/a> f\u00fcr menschliche Sexualit\u00e4t zusammen, um dir die wissenschaftlich fundiertesten Informationen \u00fcber Masturbation und Sex zu liefern.<\/p><p>Volont\u00e9, franz\u00f6sisch f\u00fcr \u201aWillenskraft\u2018, war der Name unserer Marke, bevor wir uns f\u00fcr den sprach\u00fcbergreifenderen Namen LELO entschieden. Daher k\u00f6nnen wir sagen, dass Volont\u00e9 f\u00fcr unsere Arbeit von grundlegender Bedeutung ist. Bei uns findest du kostenlose erotische Geschichten, Produktinformationen, Unternehmensnews und \u2013 besonders wichtig \u2013 t\u00e4glich aktuelle Sex-Hacks, -Tipps und -Tricks.<\/p><p>Alle Mitwirkenden sind langj\u00e4hrige LELO-Profis und Sex-Experten bzw. Sex-Expertinnen, die ihr Wissen und ihre Erfahrungen gerne mit dir teilen m\u00f6chten. Volont\u00e9 erfreut sich t\u00e4glich mehrerer hunderttausend Zugriffe, und wir sind immer auf der Suche nach wertvollen neuen Partnern. Wenn du dich also im Bett auskennst und eine Laptoptastatur bedienen kannst, dann melde dich einfach bei uns!<\/p><p>Wenn du nach bestimmten Informationen suchst, kannst du einen der folgenden Links nutzen oder <a href=\"https:\/\/www.lelo.com\/de\/blog\/contact-us\/\"><span style=\"text-decoration: underline;\"><strong>uns direkt kontaktieren.<\/strong><\/span><\/a><\/p>\t\t\t\t\t\t\t\t<\/div>\n\t\t\t\t<\/div>\n\t\t\t\t<div class=\"elementor-element elementor-element-c21d50e elementor-icon-list--layout-traditional elementor-list-item-link-full_width elementor-widget elementor-widget-icon-list\" data-id=\"c21d50e\" data-element_type=\"widget\" data-widget_type=\"icon-list.default\">\n\t\t\t\t<div class=\"elementor-widget-container\">\n\t\t\t\t\t\t\t<ul class=\"elementor-icon-list-items\">\n\t\t\t\t\t\t\t<li class=\"elementor-icon-list-item\">\n\t\t\t\t\t\t\t\t\t\t\t<a href=\"https:\/\/www.lelo.com\/de\/datenschutzerklarung\">\n\n\t\t\t\t\t\t\t\t\t\t\t\t<span class=\"elementor-icon-list-icon\">\n\t\t\t\t\t\t\t<svg aria-hidden=\"true\" class=\"e-font-icon-svg e-fas-arrow-right\" viewBox=\"0 0 448 512\" xmlns=\"http:\/\/www.w3.org\/2000\/svg\"><path d=\"M190.5 66.9l22.2-22.2c9.4-9.4 24.6-9.4 33.9 0L441 239c9.4 9.4 9.4 24.6 0 33.9L246.6 467.3c-9.4 9.4-24.6 9.4-33.9 0l-22.2-22.2c-9.5-9.5-9.3-25 .4-34.3L311.4 296H24c-13.3 0-24-10.7-24-24v-32c0-13.3 10.7-24 24-24h287.4L190.9 101.2c-9.8-9.3-10-24.8-.4-34.3z\"><\/path><\/svg>\t\t\t\t\t\t<\/span>\n\t\t\t\t\t\t\t\t\t\t<span class=\"elementor-icon-list-text\">DATENSCHUTZ<\/span>\n\t\t\t\t\t\t\t\t\t\t\t<\/a>\n\t\t\t\t\t\t\t\t\t<\/li>\n\t\t\t\t\t\t\t\t<li class=\"elementor-icon-list-item\">\n\t\t\t\t\t\t\t\t\t\t\t<a href=\"https:\/\/www.lelo.com\/de\/nutzungsbedingungen\">\n\n\t\t\t\t\t\t\t\t\t\t\t\t<span class=\"elementor-icon-list-icon\">\n\t\t\t\t\t\t\t<svg aria-hidden=\"true\" class=\"e-font-icon-svg e-fas-arrow-right\" viewBox=\"0 0 448 512\" xmlns=\"http:\/\/www.w3.org\/2000\/svg\"><path d=\"M190.5 66.9l22.2-22.2c9.4-9.4 24.6-9.4 33.9 0L441 239c9.4 9.4 9.4 24.6 0 33.9L246.6 467.3c-9.4 9.4-24.6 9.4-33.9 0l-22.2-22.2c-9.5-9.5-9.3-25 .4-34.3L311.4 296H24c-13.3 0-24-10.7-24-24v-32c0-13.3 10.7-24 24-24h287.4L190.9 101.2c-9.8-9.3-10-24.8-.4-34.3z\"><\/path><\/svg>\t\t\t\t\t\t<\/span>\n\t\t\t\t\t\t\t\t\t\t<span class=\"elementor-icon-list-text\">AGB<\/span>\n\t\t\t\t\t\t\t\t\t\t\t<\/a>\n\t\t\t\t\t\t\t\t\t<\/li>\n\t\t\t\t\t\t\t\t<li class=\"elementor-icon-list-item\">\n\t\t\t\t\t\t\t\t\t\t\t<a href=\"https:\/\/www.lelo.com\/de\/kundenservice-kontakt\">\n\n\t\t\t\t\t\t\t\t\t\t\t\t<span class=\"elementor-icon-list-icon\">\n\t\t\t\t\t\t\t<svg aria-hidden=\"true\" class=\"e-font-icon-svg e-fas-arrow-right\" viewBox=\"0 0 448 512\" xmlns=\"http:\/\/www.w3.org\/2000\/svg\"><path d=\"M190.5 66.9l22.2-22.2c9.4-9.4 24.6-9.4 33.9 0L441 239c9.4 9.4 9.4 24.6 0 33.9L246.6 467.3c-9.4 9.4-24.6 9.4-33.9 0l-22.2-22.2c-9.5-9.5-9.3-25 .4-34.3L311.4 296H24c-13.3 0-24-10.7-24-24v-32c0-13.3 10.7-24 24-24h287.4L190.9 101.2c-9.8-9.3-10-24.8-.4-34.3z\"><\/path><\/svg>\t\t\t\t\t\t<\/span>\n\t\t\t\t\t\t\t\t\t\t<span class=\"elementor-icon-list-text\">SUPPORT<\/span>\n\t\t\t\t\t\t\t\t\t\t\t<\/a>\n\t\t\t\t\t\t\t\t\t<\/li>\n\t\t\t\t\t\t<\/ul>\n\t\t\t\t\t\t<\/div>\n\t\t\t\t<\/div>\n\t\t\t\t\t<\/div>\n\t\t\t\t<\/div>\n\t\t<div class=\"elementor-element elementor-element-a1603f1 e-flex e-con-boxed e-con e-parent\" data-id=\"a1603f1\" data-element_type=\"container\">\n\t\t\t\t\t<div class=\"e-con-inner\">\n\t\t<div class=\"elementor-element elementor-element-c5f1724 e-con-full e-flex e-con e-child\" data-id=\"c5f1724\" data-element_type=\"container\" data-settings=\"{&quot;background_background&quot;:&quot;classic&quot;}\">\n\t\t\t\t<div class=\"elementor-element elementor-element-a4bddb0 elementor-widget elementor-widget-heading\" data-id=\"a4bddb0\" data-element_type=\"widget\" data-widget_type=\"heading.default\">\n\t\t\t\t<div class=\"elementor-widget-container\">\n\t\t\t\t\t<h3 class=\"elementor-heading-title elementor-size-default\">Lelo-Hauptsitz \/ EU-B\u00dcRO<\/h3>\t\t\t\t<\/div>\n\t\t\t\t<\/div>\n\t\t\t\t<div class=\"elementor-element elementor-element-4d23b80 elementor-widget elementor-widget-text-editor\" data-id=\"4d23b80\" data-element_type=\"widget\" data-widget_type=\"text-editor.default\">\n\t\t\t\t<div class=\"elementor-widget-container\">\n\t\t\t\t\t\t\t\t\t<p>Lelo-Hauptsitz \/ EU-B\u00dcRO<br \/>LELOi AB, Karlav\u00e4gen 41,<br \/>11431 Stockholm, Schweden<\/p><p>Gesch\u00e4ftsf\u00fchrer: Miroslav Slavi\u0107<\/p><p>Eingetragen beim schwedischen Handelsregister in Stockholm, Schweden, mit der Umsatzsteuer-ID: SE 556631670801<\/p><p>Fax: +46 8 613320<\/p><p><strong>sales@lelo.com<\/strong><\/p>\t\t\t\t\t\t\t\t<\/div>\n\t\t\t\t<\/div>\n\t\t\t\t<\/div>\n\t\t<div class=\"elementor-element elementor-element-4317004 e-con-full e-flex e-con e-child\" data-id=\"4317004\" data-element_type=\"container\" data-settings=\"{&quot;background_background&quot;:&quot;classic&quot;}\">\n\t\t\t\t<div class=\"elementor-element elementor-element-f7b1dc3 elementor-widget elementor-widget-heading\" data-id=\"f7b1dc3\" data-element_type=\"widget\" data-widget_type=\"heading.default\">\n\t\t\t\t<div class=\"elementor-widget-container\">\n\t\t\t\t\t<h3 class=\"elementor-heading-title elementor-size-default\">US-B\u00dcRO<\/h3>\t\t\t\t<\/div>\n\t\t\t\t<\/div>\n\t\t\t\t<div class=\"elementor-element elementor-element-327e286 elementor-widget elementor-widget-text-editor\" data-id=\"327e286\" data-element_type=\"widget\" data-widget_type=\"text-editor.default\">\n\t\t\t\t<div class=\"elementor-widget-container\">\n\t\t\t\t\t\t\t\t\t<p>LELO Inc., 5799 Fontanoso Way, San Jose, CA 95138, USA<\/p><p>Tel.: +1 877 872 5356<br \/>Fax: +1 408 404 7111<\/p><p><strong>usa@lelo.com<\/strong><\/p>\t\t\t\t\t\t\t\t<\/div>\n\t\t\t\t<\/div>\n\t\t\t\t<\/div>\n\t\t<div class=\"elementor-element elementor-element-46fc758 e-con-full e-flex e-con e-child\" data-id=\"46fc758\" data-element_type=\"container\" data-settings=\"{&quot;background_background&quot;:&quot;classic&quot;}\">\n\t\t\t\t<div class=\"elementor-element elementor-element-29ba93a elementor-widget elementor-widget-heading\" data-id=\"29ba93a\" data-element_type=\"widget\" data-widget_type=\"heading.default\">\n\t\t\t\t<div class=\"elementor-widget-container\">\n\t\t\t\t\t<h3 class=\"elementor-heading-title elementor-size-default\">B\u00dcRO IN ASIEN<\/h3>\t\t\t\t<\/div>\n\t\t\t\t<\/div>\n\t\t\t\t<div class=\"elementor-element elementor-element-9246b31 elementor-widget elementor-widget-text-editor\" data-id=\"9246b31\" data-element_type=\"widget\" data-widget_type=\"text-editor.default\">\n\t\t\t\t<div class=\"elementor-widget-container\">\n\t\t\t\t\t\t\t\t\t<p>LELO, 1701-1710, 75 South WanPing Rd., Shanghai, China 200032<\/p><p>Tel.: +86 21 54041891<br \/>Fax: +86 21 54040116<\/p><p><strong>sales.asia@lelo.com<\/strong><\/p>\t\t\t\t\t\t\t\t<\/div>\n\t\t\t\t<\/div>\n\t\t\t\t<\/div>\n\t\t<div class=\"elementor-element elementor-element-691348d e-con-full e-flex e-con e-child\" data-id=\"691348d\" data-element_type=\"container\" data-settings=\"{&quot;background_background&quot;:&quot;classic&quot;}\">\n\t\t\t\t<div class=\"elementor-element elementor-element-aa0049d elementor-widget elementor-widget-heading\" data-id=\"aa0049d\" data-element_type=\"widget\" data-widget_type=\"heading.default\">\n\t\t\t\t<div class=\"elementor-widget-container\">\n\t\t\t\t\t<h3 class=\"elementor-heading-title elementor-size-default\">B\u00fcro in Australien<\/h3>\t\t\t\t<\/div>\n\t\t\t\t<\/div>\n\t\t\t\t<div class=\"elementor-element elementor-element-0942088 elementor-widget elementor-widget-text-editor\" data-id=\"0942088\" data-element_type=\"widget\" data-widget_type=\"text-editor.default\">\n\t\t\t\t<div class=\"elementor-widget-container\">\n\t\t\t\t\t\t\t\t\t<p>Level 1, Suite 10, 1014 Doncaster Road, Doncaster East, VIC 3109, Australien<\/p><p>Fax: +46 8 613320<\/p><p><strong>customercare@lelo.com<\/strong><\/p>\t\t\t\t\t\t\t\t<\/div>\n\t\t\t\t<\/div>\n\t\t\t\t<\/div>\n\t\t\t\t\t<\/div>\n\t\t\t\t<\/div>\n\t\t<div class=\"elementor-element elementor-element-560fd2b e-flex e-con-boxed e-con e-parent\" data-id=\"560fd2b\" data-element_type=\"container\" data-settings=\"{&quot;background_background&quot;:&quot;classic&quot;}\">\n\t\t\t\t\t<div class=\"e-con-inner\">\n\t\t<div class=\"elementor-element elementor-element-4f2a6ed e-con-full e-flex e-con e-child\" data-id=\"4f2a6ed\" data-element_type=\"container\">\n\t\t\t\t<div class=\"elementor-element elementor-element-0d7efc8 elementor-widget elementor-widget-heading\" data-id=\"0d7efc8\" data-element_type=\"widget\" data-widget_type=\"heading.default\">\n\t\t\t\t<div class=\"elementor-widget-container\">\n\t\t\t\t\t<h2 class=\"elementor-heading-title elementor-size-default\">Bleiben Sie auf dem Laufenden<\/h2>\t\t\t\t<\/div>\n\t\t\t\t<\/div>\n\t\t\t\t<div class=\"elementor-element elementor-element-9d0c20a elementor-widget elementor-widget-text-editor\" data-id=\"9d0c20a\" data-element_type=\"widget\" data-widget_type=\"text-editor.default\">\n\t\t\t\t<div class=\"elementor-widget-container\">\n\t\t\t\t\t\t\t\t\t<div>Erhalten Sie die neuesten Nachrichten und Rezensionen von LELO direkt in Ihren Posteingang!<\/div>\t\t\t\t\t\t\t\t<\/div>\n\t\t\t\t<\/div>\n\t\t\t\t<div class=\"elementor-element elementor-element-81c031b elementor-widget elementor-widget-html\" data-id=\"81c031b\" data-element_type=\"widget\" data-widget_type=\"html.default\">\n\t\t\t\t<div class=\"elementor-widget-container\">\n\t\t\t\t\t<div id=\"mc_embed_signup\">\n<form action=\"https:\/\/lelo.us3.list-manage.com\/subscribe\/post?u=3f120ef036c74208e60df6267&amp;id=bf8c2bfe3a\" method=\"post\" id=\"mc-embedded-subscribe-form\" name=\"mc-embedded-subscribe-form\" class=\"validate\" target=\"_blank\" novalidate>\n    <div id=\"mc_embed_signup_scroll\">\n<div class=\"mc-field-group\">\n\t<input type=\"email\" value=\"\" name=\"EMAIL\" class=\"required email\" id=\"mce-EMAIL\" placeholder=\"E-mailadresse\">\n<\/div>\n\t<div id=\"mce-responses\" class=\"clear\">\n\t\t<div class=\"response\" id=\"mce-error-response\" style=\"display:none\"><\/div>\n\t\t<div class=\"response\" id=\"mce-success-response\" style=\"display:none\"><\/div>\n\t<\/div>    <!-- real people should not fill this in and expect good things - do not remove this or risk form bot signups-->\n    <div style=\"position: absolute; left: -5000px;\" aria-hidden=\"true\"><input type=\"text\" name=\"b_3f120ef036c74208e60df6267_bf8c2bfe3a\" tabindex=\"-1\" value=\"\"><\/div>\n    <div class=\"clear\"><input type=\"submit\" value=\"Abonnieren\" name=\"subscribe\" id=\"mc-embedded-subscribe\" class=\"button\"><\/div>\n    <\/div>\n<\/form>\n<\/div>\n\n<!--End mc_embed_signup-->\t\t\t\t<\/div>\n\t\t\t\t<\/div>\n\t\t\t\t<div class=\"elementor-element elementor-element-4c66ec9 elementor-widget elementor-widget-html\" data-id=\"4c66ec9\" data-element_type=\"widget\" data-widget_type=\"html.default\">\n\t\t\t\t<div class=\"elementor-widget-container\">\n\t\t\t\t\t  <div class=\"news-terms\"><input type=\"checkbox\" checked>\n  <label>Ja, ich m\u00f6chte mich f\u00fcr den Newsletter anmelden<\/label><\/div>\t\t\t\t<\/div>\n\t\t\t\t<\/div>\n\t\t\t\t<\/div>\n\t\t<div class=\"elementor-element elementor-element-72b6920 e-con-full e-flex e-con e-child\" data-id=\"72b6920\" data-element_type=\"container\" data-settings=\"{&quot;background_background&quot;:&quot;classic&quot;}\">\n\t\t\t\t<div class=\"elementor-element elementor-element-afbf9f8 elementor-widget elementor-widget-heading\" data-id=\"afbf9f8\" data-element_type=\"widget\" data-widget_type=\"heading.default\">\n\t\t\t\t<div class=\"elementor-widget-container\">\n\t\t\t\t\t<h2 class=\"elementor-heading-title elementor-size-default\">Werden Sie Teil von Volonte<\/h2>\t\t\t\t<\/div>\n\t\t\t\t<\/div>\n\t\t\t\t<div class=\"elementor-element elementor-element-7fe6657 elementor-widget elementor-widget-text-editor\" data-id=\"7fe6657\" data-element_type=\"widget\" data-widget_type=\"text-editor.default\">\n\t\t\t\t<div class=\"elementor-widget-container\">\n\t\t\t\t\t\t\t\t\t<div>M\u00f6chten Sie f\u00fcr den Volonte-Blog schreiben?<\/div>\t\t\t\t\t\t\t\t<\/div>\n\t\t\t\t<\/div>\n\t\t\t\t<div class=\"elementor-element elementor-element-495aa2b elementor-align-center elementor-widget elementor-widget-button\" data-id=\"495aa2b\" data-element_type=\"widget\" data-widget_type=\"button.default\">\n\t\t\t\t<div class=\"elementor-widget-container\">\n\t\t\t\t\t\t\t\t\t<div class=\"elementor-button-wrapper\">\n\t\t\t\t\t<a class=\"elementor-button elementor-button-link elementor-size-sm\" href=\"https:\/\/www.lelo.com\/de\/blog\/contact-us\/\">\n\t\t\t\t\t\t<span class=\"elementor-button-content-wrapper\">\n\t\t\t\t\t\t\t\t\t<span class=\"elementor-button-text\">Kontaktiere uns<\/span>\n\t\t\t\t\t<\/span>\n\t\t\t\t\t<\/a>\n\t\t\t\t<\/div>\n\t\t\t\t\t\t\t\t<\/div>\n\t\t\t\t<\/div>\n\t\t\t\t<\/div>\n\t\t\t\t\t<\/div>\n\t\t\t\t<\/div>\n\t\t\t\t<\/div>\n\t\t","protected":false},"excerpt":{"rendered":"<p>WILLKOMMEN BEI VOLONT\u00c9 Volont\u00e9 ist der News- und Ratgeber-Blog von LELO. Mit zahlreichen Beitr\u00e4gen aus der ganzen Welt und Versionen in mehreren Sprachen ist Volont\u00e9 seit 2011 die Top-Adresse der Sexspielzeug-Branche f\u00fcr sexy Tipps, echte Ratschl\u00e4ge und einen Blick hinter die Kulissen von LELO. Wir arbeiten au\u00dferdem mit einer Gruppe von Medizinern und Medizinerinnen f\u00fcr menschliche Sexualit\u00e4t zusammen, um dir die wissenschaftlich fundiertesten Informationen \u00fcber Masturbation und Sex zu liefern. Volont\u00e9, franz\u00f6sisch f\u00fcr \u201aWillenskraft\u2018, war der Name unserer Marke, bevor [&hellip;]<\/p>\n","protected":false},"author":5,"featured_media":0,"parent":0,"menu_order":0,"comment_status":"closed","ping_status":"closed","template":"elementor_header_footer","meta":{"_acf_changed":false,"footnotes":""},"coauthors":[14],"class_list":["post-63","page","type-page","status-publish","hentry"],"acf":[],"yoast_head":"<!-- This site is optimized with the Yoast SEO plugin v24.8 - https:\/\/yoast.com\/wordpress\/plugins\/seo\/ -->\n<title>\u00dcber uns - LELO - Volonte<\/title>\n<meta name=\"robots\" content=\"index, follow, max-snippet:-1, max-image-preview:large, max-video-preview:-1\" \/>\n<link rel=\"canonical\" href=\"https:\/\/www.lelo.com\/de\/blog\/about-us-2\/\" \/>\n<meta property=\"og:locale\" content=\"en_US\" \/>\n<meta property=\"og:type\" content=\"article\" \/>\n<meta property=\"og:title\" content=\"\u00dcber uns - LELO - Volonte\" \/>\n<meta property=\"og:description\" content=\"WILLKOMMEN BEI VOLONT\u00c9 Volont\u00e9 ist der News- und Ratgeber-Blog von LELO. Mit zahlreichen Beitr\u00e4gen aus der ganzen Welt und Versionen in mehreren Sprachen ist Volont\u00e9 seit 2011 die Top-Adresse der Sexspielzeug-Branche f\u00fcr sexy Tipps, echte Ratschl\u00e4ge und einen Blick hinter die Kulissen von LELO. Wir arbeiten au\u00dferdem mit einer Gruppe von Medizinern und Medizinerinnen f\u00fcr menschliche Sexualit\u00e4t zusammen, um dir die wissenschaftlich fundiertesten Informationen \u00fcber Masturbation und Sex zu liefern. Volont\u00e9, franz\u00f6sisch f\u00fcr \u201aWillenskraft\u2018, war der Name unserer Marke, bevor [&hellip;]\" \/>\n<meta property=\"og:url\" content=\"https:\/\/www.lelo.com\/de\/blog\/about-us-2\/\" \/>\n<meta property=\"og:site_name\" content=\"Volonte\" \/>\n<meta property=\"article:modified_time\" content=\"2024-09-23T09:26:13+00:00\" \/>\n<meta name=\"twitter:card\" content=\"summary_large_image\" \/>\n<meta name=\"twitter:label1\" content=\"Est. reading time\" \/>\n\t<meta name=\"twitter:data1\" content=\"2 minutes\" \/>\n\t<meta name=\"twitter:label2\" content=\"Written by\" \/>\n\t<meta name=\"twitter:data2\" content=\"Domagoj Peti\" \/>\n<script type=\"application\/ld+json\" class=\"yoast-schema-graph\">{\"@context\":\"https:\/\/schema.org\",\"@graph\":[{\"@type\":\"WebPage\",\"@id\":\"https:\/\/www.lelo.com\/de\/blog\/about-us-2\/\",\"url\":\"https:\/\/www.lelo.com\/de\/blog\/about-us-2\/\",\"name\":\"\u00dcber uns - LELO - Volonte\",\"isPartOf\":{\"@id\":\"https:\/\/www.lelo.com\/de\/blog\/#website\"},\"datePublished\":\"2024-05-28T13:37:57+00:00\",\"dateModified\":\"2024-09-23T09:26:13+00:00\",\"breadcrumb\":{\"@id\":\"https:\/\/www.lelo.com\/de\/blog\/about-us-2\/#breadcrumb\"},\"inLanguage\":\"en-US\",\"potentialAction\":[{\"@type\":\"ReadAction\",\"target\":[\"https:\/\/www.lelo.com\/de\/blog\/about-us-2\/\"]}]},{\"@type\":\"BreadcrumbList\",\"@id\":\"https:\/\/www.lelo.com\/de\/blog\/about-us-2\/#breadcrumb\",\"itemListElement\":[{\"@type\":\"ListItem\",\"position\":1,\"name\":\"Home\",\"item\":\"https:\/\/www.lelo.com\/de\/blog\/\"},{\"@type\":\"ListItem\",\"position\":2,\"name\":\"\u00dcber uns &#8211; LELO\"}]},{\"@type\":\"WebSite\",\"@id\":\"https:\/\/www.lelo.com\/de\/blog\/#website\",\"url\":\"https:\/\/www.lelo.com\/de\/blog\/\",\"name\":\"Volonte\",\"description\":\"\",\"publisher\":{\"@id\":\"https:\/\/www.lelo.com\/de\/blog\/#organization\"},\"potentialAction\":[{\"@type\":\"SearchAction\",\"target\":{\"@type\":\"EntryPoint\",\"urlTemplate\":\"https:\/\/www.lelo.com\/de\/blog\/?s={search_term_string}\"},\"query-input\":{\"@type\":\"PropertyValueSpecification\",\"valueRequired\":true,\"valueName\":\"search_term_string\"}}],\"inLanguage\":\"en-US\"},{\"@type\":\"Organization\",\"@id\":\"https:\/\/www.lelo.com\/de\/blog\/#organization\",\"name\":\"Volonte\",\"url\":\"https:\/\/www.lelo.com\/de\/blog\/\",\"logo\":{\"@type\":\"ImageObject\",\"inLanguage\":\"en-US\",\"@id\":\"https:\/\/www.lelo.com\/de\/blog\/#\/schema\/logo\/image\/\",\"url\":\"https:\/\/www.lelo.com\/de\/blog\/wp-content\/uploads\/2024\/04\/volonte-logo-3.png\",\"contentUrl\":\"https:\/\/www.lelo.com\/de\/blog\/wp-content\/uploads\/2024\/04\/volonte-logo-3.png\",\"width\":220,\"height\":80,\"caption\":\"Volonte\"},\"image\":{\"@id\":\"https:\/\/www.lelo.com\/de\/blog\/#\/schema\/logo\/image\/\"}}]}<\/script>\n<!-- \/ Yoast SEO plugin. -->","yoast_head_json":{"title":"\u00dcber uns - LELO - Volonte","robots":{"index":"index","follow":"follow","max-snippet":"max-snippet:-1","max-image-preview":"max-image-preview:large","max-video-preview":"max-video-preview:-1"},"canonical":"https:\/\/www.lelo.com\/de\/blog\/about-us-2\/","og_locale":"en_US","og_type":"article","og_title":"\u00dcber uns - LELO - Volonte","og_description":"WILLKOMMEN BEI VOLONT\u00c9 Volont\u00e9 ist der News- und Ratgeber-Blog von LELO. Mit zahlreichen Beitr\u00e4gen aus der ganzen Welt und Versionen in mehreren Sprachen ist Volont\u00e9 seit 2011 die Top-Adresse der Sexspielzeug-Branche f\u00fcr sexy Tipps, echte Ratschl\u00e4ge und einen Blick hinter die Kulissen von LELO. Wir arbeiten au\u00dferdem mit einer Gruppe von Medizinern und Medizinerinnen f\u00fcr menschliche Sexualit\u00e4t zusammen, um dir die wissenschaftlich fundiertesten Informationen \u00fcber Masturbation und Sex zu liefern. Volont\u00e9, franz\u00f6sisch f\u00fcr \u201aWillenskraft\u2018, war der Name unserer Marke, bevor [&hellip;]","og_url":"https:\/\/www.lelo.com\/de\/blog\/about-us-2\/","og_site_name":"Volonte","article_modified_time":"2024-09-23T09:26:13+00:00","twitter_card":"summary_large_image","twitter_misc":{"Est. reading time":"2 minutes","Written by":"Domagoj Peti"},"schema":{"@context":"https:\/\/schema.org","@graph":[{"@type":"WebPage","@id":"https:\/\/www.lelo.com\/de\/blog\/about-us-2\/","url":"https:\/\/www.lelo.com\/de\/blog\/about-us-2\/","name":"\u00dcber uns - LELO - Volonte","isPartOf":{"@id":"https:\/\/www.lelo.com\/de\/blog\/#website"},"datePublished":"2024-05-28T13:37:57+00:00","dateModified":"2024-09-23T09:26:13+00:00","breadcrumb":{"@id":"https:\/\/www.lelo.com\/de\/blog\/about-us-2\/#breadcrumb"},"inLanguage":"en-US","potentialAction":[{"@type":"ReadAction","target":["https:\/\/www.lelo.com\/de\/blog\/about-us-2\/"]}]},{"@type":"BreadcrumbList","@id":"https:\/\/www.lelo.com\/de\/blog\/about-us-2\/#breadcrumb","itemListElement":[{"@type":"ListItem","position":1,"name":"Home","item":"https:\/\/www.lelo.com\/de\/blog\/"},{"@type":"ListItem","position":2,"name":"\u00dcber uns &#8211; LELO"}]},{"@type":"WebSite","@id":"https:\/\/www.lelo.com\/de\/blog\/#website","url":"https:\/\/www.lelo.com\/de\/blog\/","name":"Volonte","description":"","publisher":{"@id":"https:\/\/www.lelo.com\/de\/blog\/#organization"},"potentialAction":[{"@type":"SearchAction","target":{"@type":"EntryPoint","urlTemplate":"https:\/\/www.lelo.com\/de\/blog\/?s={search_term_string}"},"query-input":{"@type":"PropertyValueSpecification","valueRequired":true,"valueName":"search_term_string"}}],"inLanguage":"en-US"},{"@type":"Organization","@id":"https:\/\/www.lelo.com\/de\/blog\/#organization","name":"Volonte","url":"https:\/\/www.lelo.com\/de\/blog\/","logo":{"@type":"ImageObject","inLanguage":"en-US","@id":"https:\/\/www.lelo.com\/de\/blog\/#\/schema\/logo\/image\/","url":"https:\/\/www.lelo.com\/de\/blog\/wp-content\/uploads\/2024\/04\/volonte-logo-3.png","contentUrl":"https:\/\/www.lelo.com\/de\/blog\/wp-content\/uploads\/2024\/04\/volonte-logo-3.png","width":220,"height":80,"caption":"Volonte"},"image":{"@id":"https:\/\/www.lelo.com\/de\/blog\/#\/schema\/logo\/image\/"}}]}},"_links":{"self":[{"href":"https:\/\/www.lelo.com\/de\/blog\/wp-json\/wp\/v2\/pages\/63","targetHints":{"allow":["GET"]}}],"collection":[{"href":"https:\/\/www.lelo.com\/de\/blog\/wp-json\/wp\/v2\/pages"}],"about":[{"href":"https:\/\/www.lelo.com\/de\/blog\/wp-json\/wp\/v2\/types\/page"}],"author":[{"embeddable":true,"href":"https:\/\/www.lelo.com\/de\/blog\/wp-json\/wp\/v2\/users\/5"}],"replies":[{"embeddable":true,"href":"https:\/\/www.lelo.com\/de\/blog\/wp-json\/wp\/v2\/comments?post=63"}],"version-history":[{"count":64,"href":"https:\/\/www.lelo.com\/de\/blog\/wp-json\/wp\/v2\/pages\/63\/revisions"}],"predecessor-version":[{"id":490,"href":"https:\/\/www.lelo.com\/de\/blog\/wp-json\/wp\/v2\/pages\/63\/revisions\/490"}],"wp:attachment":[{"href":"https:\/\/www.lelo.com\/de\/blog\/wp-json\/wp\/v2\/media?parent=63"}],"wp:term":[{"taxonomy":"author","embeddable":true,"href":"https:\/\/www.lelo.com\/de\/blog\/wp-json\/wp\/v2\/coauthors?post=63"}],"curies":[{"name":"wp","href":"https:\/\/api.w.org\/{rel}","templated":true}]}}