{"id":65,"date":"2024-05-28T13:38:03","date_gmt":"2024-05-28T13:38:03","guid":{"rendered":"https:\/\/dev.lelo.com\/de\/blog\/?page_id=65"},"modified":"2025-03-18T20:54:39","modified_gmt":"2025-03-18T20:54:39","slug":"contact-us","status":"publish","type":"page","link":"https:\/\/www.lelo.com\/de\/blog\/contact-us\/","title":{"rendered":"Contact us"},"content":{"rendered":"\t\t<div data-elementor-type=\"wp-page\" data-elementor-id=\"65\" class=\"elementor elementor-65\">\n\t\t\t\t<div class=\"elementor-element elementor-element-62e8322 e-flex e-con-boxed e-con e-parent\" data-id=\"62e8322\" data-element_type=\"container\">\n\t\t\t\t\t<div class=\"e-con-inner\">\n\t\t\t\t<div class=\"elementor-element elementor-element-23794ca elementor-widget elementor-widget-text-editor\" data-id=\"23794ca\" data-element_type=\"widget\" data-widget_type=\"text-editor.default\">\n\t\t\t\t<div class=\"elementor-widget-container\">\n\t\t\t\t\t\t\t\t\t<p><strong>KUNDENBETREUUNGSANFRAGEN<\/strong><\/p><p>Bei Fragen und Bedenken zu LELO-Bestellungen oder -Produkten wenden Sie sich bitte an den Kundendienst. Das unten stehende Kontaktformular ist nur f\u00fcr Blog-Anfragen bestimmt.<\/p><p><strong>BLOG-ANFRAGEN<\/strong><\/p><p>Wenn Sie Ideen f\u00fcr zuk\u00fcnftige Volont\u00e9-Artikel haben oder neugierig auf ein bestimmtes Thema sind, f\u00fcllen Sie das untenstehende Formular aus. Wir haben eine ganze Q&amp;A-Kategorie, die den von Benutzern eingereichten Fragen gewidmet ist.<\/p><p><b>NEWSLETTER<\/b><\/p><p><a href=\"https:\/\/www.lelo.com\/blog\/newsletter\/\">Abonnieren Sie unseren Newsletter<\/a>, um exklusive Sextipps und Neuigkeiten zur sexuellen Gesundheit zu erhalten.<\/p><p><strong>EROTIKA-MITARBEITER<\/strong><\/p><p>Wenn Sie neu in der Erotikliteratur sind oder ein erfahrener Experte f\u00fcr Sexgeschichten sind, nehmen wir Erotik immer zur Rezension entgegen. Schreiben Sie uns unten eine Nachricht mit einem Auszug Ihrer Arbeit oder einer fertigen Geschichte. Wir streben mindestens 1.000 W\u00f6rter pro fertiger Geschichte an und setzen voraus, dass es sich um Originaltexte handelt und diese nicht bereits ver\u00f6ffentlicht wurden. Alle Autoren werden genannt. Die Themen (oder pers\u00f6nlichen Fantasien) liegen ganz bei Ihnen\u2026<\/p><p><strong>GESUNDHEITS- UND BEZIEHUNGSSCHREIBER<\/strong><\/p><p>Wir verfeinern unser Netzwerk aus Sex- und Beziehungsexperten st\u00e4ndig, um unseren Lesern genaue und relevante Inhalte beizusteuern. Wenn Sie daran interessiert sind, einen Beitrag zu leisten, senden Sie uns bitte Links zu Ihren zuvor ver\u00f6ffentlichten Arbeiten und f\u00fcgen Sie Pitches zu Themen bei, die noch nicht im Blog behandelt werden. Bitte geben Sie auch Ihr Honorar pro Artikel an, damit wir uns gegenseitig das Hin und Her ersparen k\u00f6nnen.<\/p><p>Um den Blog zu kontaktieren, senden Sie bitte eine E-Mail an <span style=\"text-decoration: underline;\"><strong>volonte@lelo.com.<\/strong><\/span><\/p>\t\t\t\t\t\t\t\t<\/div>\n\t\t\t\t<\/div>\n\t\t\t\t<div class=\"elementor-element elementor-element-260bddc elementor-widget elementor-widget-shortcode\" data-id=\"260bddc\" data-element_type=\"widget\" data-widget_type=\"shortcode.default\">\n\t\t\t\t<div class=\"elementor-widget-container\">\n\t\t\t\t\t\t\t<div class=\"elementor-shortcode\">\n<div class=\"wpcf7 no-js\" id=\"wpcf7-f29332-o1\" lang=\"en-US\" dir=\"ltr\" data-wpcf7-id=\"29332\">\n<div class=\"screen-reader-response\"><p role=\"status\" aria-live=\"polite\" aria-atomic=\"true\"><\/p> <ul><\/ul><\/div>\n<form action=\"\/de\/blog\/wp-json\/wp\/v2\/pages\/65#wpcf7-f29332-o1\" method=\"post\" class=\"wpcf7-form init\" aria-label=\"Contact form\" novalidate=\"novalidate\" data-status=\"init\">\n<div style=\"display: none;\">\n<input type=\"hidden\" name=\"_wpcf7\" value=\"29332\" \/>\n<input type=\"hidden\" name=\"_wpcf7_version\" value=\"6.0.5\" \/>\n<input type=\"hidden\" name=\"_wpcf7_locale\" value=\"en_US\" \/>\n<input type=\"hidden\" name=\"_wpcf7_unit_tag\" value=\"wpcf7-f29332-o1\" \/>\n<input type=\"hidden\" name=\"_wpcf7_container_post\" value=\"0\" \/>\n<input type=\"hidden\" name=\"_wpcf7_posted_data_hash\" value=\"\" \/>\n<input type=\"hidden\" name=\"_wpcf7_recaptcha_response\" value=\"\" \/>\n<\/div>\n<p><label> Your Email (required)<br \/>\n<span class=\"wpcf7-form-control-wrap\" data-name=\"your-email\"><input size=\"40\" maxlength=\"400\" class=\"wpcf7-form-control wpcf7-email wpcf7-validates-as-required wpcf7-text wpcf7-validates-as-email\" aria-required=\"true\" aria-invalid=\"false\" value=\"\" type=\"email\" name=\"your-email\" \/><\/span> <\/label><br \/>\n<label> Your Name (required)<br \/>\n<span class=\"wpcf7-form-control-wrap\" data-name=\"your-name\"><input size=\"40\" maxlength=\"400\" class=\"wpcf7-form-control wpcf7-text wpcf7-validates-as-required\" aria-required=\"true\" aria-invalid=\"false\" value=\"\" type=\"text\" name=\"your-name\" \/><\/span> <\/label><br \/>\n<label> Subject<br \/>\n<span class=\"wpcf7-form-control-wrap\" data-name=\"your-subject\"><input size=\"40\" maxlength=\"400\" class=\"wpcf7-form-control wpcf7-text\" aria-invalid=\"false\" value=\"\" type=\"text\" name=\"your-subject\" \/><\/span> <\/label><br \/>\n<label> Your Message<br \/>\n<span class=\"wpcf7-form-control-wrap\" data-name=\"your-message\"><textarea cols=\"40\" rows=\"10\" maxlength=\"2000\" class=\"wpcf7-form-control wpcf7-textarea\" aria-invalid=\"false\" name=\"your-message\"><\/textarea><\/span> <\/label>\n<\/p>\n<p><input class=\"wpcf7-form-control wpcf7-submit has-spinner\" type=\"submit\" value=\"Send!\" \/>\n<\/p><div class=\"wpcf7-response-output\" aria-hidden=\"true\"><\/div>\n<\/form>\n<\/div>\n<\/div>\n\t\t\t\t\t\t<\/div>\n\t\t\t\t<\/div>\n\t\t\t\t\t<\/div>\n\t\t\t\t<\/div>\n\t\t<div class=\"elementor-element elementor-element-f9fa21d e-flex e-con-boxed e-con e-parent\" data-id=\"f9fa21d\" data-element_type=\"container\">\n\t\t\t\t\t<div class=\"e-con-inner\">\n\t\t\t\t\t<\/div>\n\t\t\t\t<\/div>\n\t\t\t\t<\/div>\n\t\t","protected":false},"excerpt":{"rendered":"<p>KUNDENBETREUUNGSANFRAGEN Bei Fragen und Bedenken zu LELO-Bestellungen oder -Produkten wenden Sie sich bitte an den Kundendienst. Das unten stehende Kontaktformular ist nur f\u00fcr Blog-Anfragen bestimmt. BLOG-ANFRAGEN Wenn Sie Ideen f\u00fcr zuk\u00fcnftige Volont\u00e9-Artikel haben oder neugierig auf ein bestimmtes Thema sind, f\u00fcllen Sie das untenstehende Formular aus. Wir haben eine ganze Q&amp;A-Kategorie, die den von Benutzern eingereichten Fragen gewidmet ist. NEWSLETTER Abonnieren Sie unseren Newsletter, um exklusive Sextipps und Neuigkeiten zur sexuellen Gesundheit zu erhalten. EROTIKA-MITARBEITER Wenn Sie neu in der [&hellip;]<\/p>\n","protected":false},"author":5,"featured_media":0,"parent":0,"menu_order":0,"comment_status":"closed","ping_status":"closed","template":"elementor_header_footer","meta":{"_acf_changed":false,"footnotes":""},"coauthors":[14],"class_list":["post-65","page","type-page","status-publish","hentry"],"acf":[],"yoast_head":"<!-- This site is optimized with the Yoast SEO plugin v24.8 - https:\/\/yoast.com\/wordpress\/plugins\/seo\/ -->\n<title>Contact us - Volonte<\/title>\n<meta name=\"robots\" content=\"index, follow, max-snippet:-1, max-image-preview:large, max-video-preview:-1\" \/>\n<link rel=\"canonical\" href=\"https:\/\/www.lelo.com\/de\/blog\/contact-us\/\" \/>\n<meta property=\"og:locale\" content=\"en_US\" \/>\n<meta property=\"og:type\" content=\"article\" \/>\n<meta property=\"og:title\" content=\"Contact us - Volonte\" \/>\n<meta property=\"og:description\" content=\"KUNDENBETREUUNGSANFRAGEN Bei Fragen und Bedenken zu LELO-Bestellungen oder -Produkten wenden Sie sich bitte an den Kundendienst. Das unten stehende Kontaktformular ist nur f\u00fcr Blog-Anfragen bestimmt. BLOG-ANFRAGEN Wenn Sie Ideen f\u00fcr zuk\u00fcnftige Volont\u00e9-Artikel haben oder neugierig auf ein bestimmtes Thema sind, f\u00fcllen Sie das untenstehende Formular aus. Wir haben eine ganze Q&amp;A-Kategorie, die den von Benutzern eingereichten Fragen gewidmet ist. NEWSLETTER Abonnieren Sie unseren Newsletter, um exklusive Sextipps und Neuigkeiten zur sexuellen Gesundheit zu erhalten. EROTIKA-MITARBEITER Wenn Sie neu in der [&hellip;]\" \/>\n<meta property=\"og:url\" content=\"https:\/\/www.lelo.com\/de\/blog\/contact-us\/\" \/>\n<meta property=\"og:site_name\" content=\"Volonte\" \/>\n<meta property=\"article:modified_time\" content=\"2025-03-18T20:54:39+00:00\" \/>\n<meta name=\"twitter:card\" content=\"summary_large_image\" \/>\n<meta name=\"twitter:label1\" content=\"Est. reading time\" \/>\n\t<meta name=\"twitter:data1\" content=\"2 minutes\" \/>\n\t<meta name=\"twitter:label2\" content=\"Written by\" \/>\n\t<meta name=\"twitter:data2\" content=\"Domagoj Peti\" \/>\n<script type=\"application\/ld+json\" class=\"yoast-schema-graph\">{\"@context\":\"https:\/\/schema.org\",\"@graph\":[{\"@type\":\"WebPage\",\"@id\":\"https:\/\/www.lelo.com\/de\/blog\/contact-us\/\",\"url\":\"https:\/\/www.lelo.com\/de\/blog\/contact-us\/\",\"name\":\"Contact us - Volonte\",\"isPartOf\":{\"@id\":\"https:\/\/www.lelo.com\/de\/blog\/#website\"},\"datePublished\":\"2024-05-28T13:38:03+00:00\",\"dateModified\":\"2025-03-18T20:54:39+00:00\",\"breadcrumb\":{\"@id\":\"https:\/\/www.lelo.com\/de\/blog\/contact-us\/#breadcrumb\"},\"inLanguage\":\"en-US\",\"potentialAction\":[{\"@type\":\"ReadAction\",\"target\":[\"https:\/\/www.lelo.com\/de\/blog\/contact-us\/\"]}]},{\"@type\":\"BreadcrumbList\",\"@id\":\"https:\/\/www.lelo.com\/de\/blog\/contact-us\/#breadcrumb\",\"itemListElement\":[{\"@type\":\"ListItem\",\"position\":1,\"name\":\"Home\",\"item\":\"https:\/\/www.lelo.com\/de\/blog\/\"},{\"@type\":\"ListItem\",\"position\":2,\"name\":\"Contact us\"}]},{\"@type\":\"WebSite\",\"@id\":\"https:\/\/www.lelo.com\/de\/blog\/#website\",\"url\":\"https:\/\/www.lelo.com\/de\/blog\/\",\"name\":\"Volonte\",\"description\":\"\",\"publisher\":{\"@id\":\"https:\/\/www.lelo.com\/de\/blog\/#organization\"},\"potentialAction\":[{\"@type\":\"SearchAction\",\"target\":{\"@type\":\"EntryPoint\",\"urlTemplate\":\"https:\/\/www.lelo.com\/de\/blog\/?s={search_term_string}\"},\"query-input\":{\"@type\":\"PropertyValueSpecification\",\"valueRequired\":true,\"valueName\":\"search_term_string\"}}],\"inLanguage\":\"en-US\"},{\"@type\":\"Organization\",\"@id\":\"https:\/\/www.lelo.com\/de\/blog\/#organization\",\"name\":\"Volonte\",\"url\":\"https:\/\/www.lelo.com\/de\/blog\/\",\"logo\":{\"@type\":\"ImageObject\",\"inLanguage\":\"en-US\",\"@id\":\"https:\/\/www.lelo.com\/de\/blog\/#\/schema\/logo\/image\/\",\"url\":\"https:\/\/www.lelo.com\/de\/blog\/wp-content\/uploads\/2024\/04\/volonte-logo-3.png\",\"contentUrl\":\"https:\/\/www.lelo.com\/de\/blog\/wp-content\/uploads\/2024\/04\/volonte-logo-3.png\",\"width\":220,\"height\":80,\"caption\":\"Volonte\"},\"image\":{\"@id\":\"https:\/\/www.lelo.com\/de\/blog\/#\/schema\/logo\/image\/\"}}]}<\/script>\n<!-- \/ Yoast SEO plugin. -->","yoast_head_json":{"title":"Contact us - Volonte","robots":{"index":"index","follow":"follow","max-snippet":"max-snippet:-1","max-image-preview":"max-image-preview:large","max-video-preview":"max-video-preview:-1"},"canonical":"https:\/\/www.lelo.com\/de\/blog\/contact-us\/","og_locale":"en_US","og_type":"article","og_title":"Contact us - Volonte","og_description":"KUNDENBETREUUNGSANFRAGEN Bei Fragen und Bedenken zu LELO-Bestellungen oder -Produkten wenden Sie sich bitte an den Kundendienst. Das unten stehende Kontaktformular ist nur f\u00fcr Blog-Anfragen bestimmt. BLOG-ANFRAGEN Wenn Sie Ideen f\u00fcr zuk\u00fcnftige Volont\u00e9-Artikel haben oder neugierig auf ein bestimmtes Thema sind, f\u00fcllen Sie das untenstehende Formular aus. Wir haben eine ganze Q&amp;A-Kategorie, die den von Benutzern eingereichten Fragen gewidmet ist. NEWSLETTER Abonnieren Sie unseren Newsletter, um exklusive Sextipps und Neuigkeiten zur sexuellen Gesundheit zu erhalten. EROTIKA-MITARBEITER Wenn Sie neu in der [&hellip;]","og_url":"https:\/\/www.lelo.com\/de\/blog\/contact-us\/","og_site_name":"Volonte","article_modified_time":"2025-03-18T20:54:39+00:00","twitter_card":"summary_large_image","twitter_misc":{"Est. reading time":"2 minutes","Written by":"Domagoj Peti"},"schema":{"@context":"https:\/\/schema.org","@graph":[{"@type":"WebPage","@id":"https:\/\/www.lelo.com\/de\/blog\/contact-us\/","url":"https:\/\/www.lelo.com\/de\/blog\/contact-us\/","name":"Contact us - Volonte","isPartOf":{"@id":"https:\/\/www.lelo.com\/de\/blog\/#website"},"datePublished":"2024-05-28T13:38:03+00:00","dateModified":"2025-03-18T20:54:39+00:00","breadcrumb":{"@id":"https:\/\/www.lelo.com\/de\/blog\/contact-us\/#breadcrumb"},"inLanguage":"en-US","potentialAction":[{"@type":"ReadAction","target":["https:\/\/www.lelo.com\/de\/blog\/contact-us\/"]}]},{"@type":"BreadcrumbList","@id":"https:\/\/www.lelo.com\/de\/blog\/contact-us\/#breadcrumb","itemListElement":[{"@type":"ListItem","position":1,"name":"Home","item":"https:\/\/www.lelo.com\/de\/blog\/"},{"@type":"ListItem","position":2,"name":"Contact us"}]},{"@type":"WebSite","@id":"https:\/\/www.lelo.com\/de\/blog\/#website","url":"https:\/\/www.lelo.com\/de\/blog\/","name":"Volonte","description":"","publisher":{"@id":"https:\/\/www.lelo.com\/de\/blog\/#organization"},"potentialAction":[{"@type":"SearchAction","target":{"@type":"EntryPoint","urlTemplate":"https:\/\/www.lelo.com\/de\/blog\/?s={search_term_string}"},"query-input":{"@type":"PropertyValueSpecification","valueRequired":true,"valueName":"search_term_string"}}],"inLanguage":"en-US"},{"@type":"Organization","@id":"https:\/\/www.lelo.com\/de\/blog\/#organization","name":"Volonte","url":"https:\/\/www.lelo.com\/de\/blog\/","logo":{"@type":"ImageObject","inLanguage":"en-US","@id":"https:\/\/www.lelo.com\/de\/blog\/#\/schema\/logo\/image\/","url":"https:\/\/www.lelo.com\/de\/blog\/wp-content\/uploads\/2024\/04\/volonte-logo-3.png","contentUrl":"https:\/\/www.lelo.com\/de\/blog\/wp-content\/uploads\/2024\/04\/volonte-logo-3.png","width":220,"height":80,"caption":"Volonte"},"image":{"@id":"https:\/\/www.lelo.com\/de\/blog\/#\/schema\/logo\/image\/"}}]}},"_links":{"self":[{"href":"https:\/\/www.lelo.com\/de\/blog\/wp-json\/wp\/v2\/pages\/65","targetHints":{"allow":["GET"]}}],"collection":[{"href":"https:\/\/www.lelo.com\/de\/blog\/wp-json\/wp\/v2\/pages"}],"about":[{"href":"https:\/\/www.lelo.com\/de\/blog\/wp-json\/wp\/v2\/types\/page"}],"author":[{"embeddable":true,"href":"https:\/\/www.lelo.com\/de\/blog\/wp-json\/wp\/v2\/users\/5"}],"replies":[{"embeddable":true,"href":"https:\/\/www.lelo.com\/de\/blog\/wp-json\/wp\/v2\/comments?post=65"}],"version-history":[{"count":19,"href":"https:\/\/www.lelo.com\/de\/blog\/wp-json\/wp\/v2\/pages\/65\/revisions"}],"predecessor-version":[{"id":29338,"href":"https:\/\/www.lelo.com\/de\/blog\/wp-json\/wp\/v2\/pages\/65\/revisions\/29338"}],"wp:attachment":[{"href":"https:\/\/www.lelo.com\/de\/blog\/wp-json\/wp\/v2\/media?parent=65"}],"wp:term":[{"taxonomy":"author","embeddable":true,"href":"https:\/\/www.lelo.com\/de\/blog\/wp-json\/wp\/v2\/coauthors?post=65"}],"curies":[{"name":"wp","href":"https:\/\/api.w.org\/{rel}","templated":true}]}}