{"id":39,"date":"2014-04-08T18:54:18","date_gmt":"2014-04-08T10:54:18","guid":{"rendered":"https:\/\/dev.lelo.com\/es\/blog\/?page_id=39"},"modified":"2015-01-26T14:25:52","modified_gmt":"2015-01-26T06:25:52","slug":"contact-volonte","status":"publish","type":"page","link":"https:\/\/www.lelo.com\/es\/blog\/contact-volonte\/","title":{"rendered":"Cont\u00e1ctanos"},"content":{"rendered":"<p><a href=\"https:\/\/lelo.com\/es\/blog\/wp-content\/uploads\/2014\/06\/FB_VOLONTE_560x292_01.jpg\"><img fetchpriority=\"high\" decoding=\"async\" class=\"aligncenter size-full wp-image-73\" alt=\"FB_VOLONTE_560x292_01\" src=\"https:\/\/lelo.com\/es\/blog\/wp-content\/uploads\/2014\/06\/FB_VOLONTE_560x292_01.jpg\" width=\"560\" height=\"292\" srcset=\"https:\/\/www.lelo.com\/es\/blog\/wp-content\/uploads\/2014\/06\/FB_VOLONTE_560x292_01.jpg 560w, https:\/\/www.lelo.com\/es\/blog\/wp-content\/uploads\/2014\/06\/FB_VOLONTE_560x292_01-300x156.jpg 300w\" sizes=\"(max-width: 560px) 100vw, 560px\" \/><\/a><\/p>\n<p>\u00a1Forma parte de Volont\u00e9! Si tienes preguntas, comentarios o sugerencias sobre los art\u00edculos que has le\u00eddo o para futuras publicaciones que quieras ver en Volont\u00e9, rellena el formulario que encontrar\u00e1s abajo y te daremos respuesta tan pronto como podamos.<\/p>\n<p>\u00bfPuedes ofrecer consejos sobre amor y sexo o quieres enviarnos tus propios relatos er\u00f3ticos? Pulsa aqu\u00ed para enviarnos tu propuesta y compartir experiencias con miles de personas, cada d\u00eda.<\/p>\n\n<div class=\"wpcf7 no-js\" id=\"wpcf7-f15-o1\" lang=\"en-US\" dir=\"ltr\" data-wpcf7-id=\"15\">\n<div class=\"screen-reader-response\"><p role=\"status\" aria-live=\"polite\" aria-atomic=\"true\"><\/p> <ul><\/ul><\/div>\n<form action=\"\/es\/blog\/wp-json\/wp\/v2\/pages\/39#wpcf7-f15-o1\" method=\"post\" class=\"wpcf7-form init\" aria-label=\"Contact form\" novalidate=\"novalidate\" data-status=\"init\">\n<div style=\"display: none;\">\n<input type=\"hidden\" name=\"_wpcf7\" value=\"15\" \/>\n<input type=\"hidden\" name=\"_wpcf7_version\" value=\"6.0.5\" \/>\n<input type=\"hidden\" name=\"_wpcf7_locale\" value=\"en_US\" \/>\n<input type=\"hidden\" name=\"_wpcf7_unit_tag\" value=\"wpcf7-f15-o1\" \/>\n<input type=\"hidden\" name=\"_wpcf7_container_post\" value=\"0\" \/>\n<input type=\"hidden\" name=\"_wpcf7_posted_data_hash\" value=\"\" \/>\n<input type=\"hidden\" name=\"_wpcf7_recaptcha_response\" value=\"\" \/>\n<\/div>\n<p>Nombre (necesario)\n<\/p>\n<p><span class=\"wpcf7-form-control-wrap\" data-name=\"your-name\"><input size=\"40\" maxlength=\"400\" class=\"wpcf7-form-control wpcf7-text wpcf7-validates-as-required\" aria-required=\"true\" aria-invalid=\"false\" value=\"\" type=\"text\" name=\"your-name\" \/><\/span>\n<\/p>\n<p>Email (necesario)\n<\/p>\n<p><span class=\"wpcf7-form-control-wrap\" data-name=\"your-email\"><input size=\"40\" maxlength=\"400\" class=\"wpcf7-form-control wpcf7-email wpcf7-validates-as-required wpcf7-text wpcf7-validates-as-email\" aria-required=\"true\" aria-invalid=\"false\" value=\"\" type=\"email\" name=\"your-email\" \/><\/span>\n<\/p>\n<p>Asunto\n<\/p>\n<p><span class=\"wpcf7-form-control-wrap\" data-name=\"your-subject\"><input size=\"40\" maxlength=\"400\" class=\"wpcf7-form-control wpcf7-text\" aria-invalid=\"false\" value=\"\" type=\"text\" name=\"your-subject\" \/><\/span>\n<\/p>\n<p><span id=\"wpcf7-69e5d1dbb11b6-wrapper\" class=\"wpcf7-form-control-wrap honeypot-221-wrap\" ><label for=\"wpcf7-69e5d1dbb11b6-field\" class=\"hp-message\">Please leave this field empty.<\/label><input id=\"wpcf7-69e5d1dbb11b6-field\"  class=\"wpcf7-form-control wpcf7-text\" type=\"text\" name=\"honeypot-221\" value=\"\" size=\"40\" tabindex=\"-1\" autocomplete=\"new-password\" \/><\/span>\n<\/p>\n<p>Mensaje\n<\/p>\n<p><span class=\"wpcf7-form-control-wrap\" data-name=\"your-message\"><textarea cols=\"40\" rows=\"10\" maxlength=\"2000\" class=\"wpcf7-form-control wpcf7-textarea\" aria-invalid=\"false\" name=\"your-message\"><\/textarea><\/span>\n<\/p>\n<p><input class=\"wpcf7-form-control wpcf7-submit has-spinner\" type=\"submit\" value=\"Enviar\" \/>\n<\/p><p style=\"display: none !important;\" class=\"akismet-fields-container\" data-prefix=\"_wpcf7_ak_\"><label>&#916;<textarea name=\"_wpcf7_ak_hp_textarea\" cols=\"45\" rows=\"8\" maxlength=\"100\"><\/textarea><\/label><input type=\"hidden\" id=\"ak_js_1\" name=\"_wpcf7_ak_js\" value=\"152\"\/><script>document.getElementById( \"ak_js_1\" ).setAttribute( \"value\", ( new Date() ).getTime() );<\/script><\/p><div class=\"wpcf7-response-output\" aria-hidden=\"true\"><\/div>\n<\/form>\n<\/div>\n\n","protected":false},"excerpt":{"rendered":"<p>\u00a1Forma parte de Volont\u00e9! Si tienes preguntas, comentarios o sugerencias sobre los art\u00edculos que has le\u00eddo o para futuras publicaciones que quieras ver en Volont\u00e9, rellena el formulario que encontrar\u00e1s abajo y te daremos respuesta tan pronto como podamos. \u00bfPuedes ofrecer consejos sobre amor y sexo o quieres enviarnos tus propios relatos er\u00f3ticos? Pulsa aqu\u00ed para enviarnos tu propuesta y compartir experiencias con miles de personas, cada d\u00eda.<\/p>\n","protected":false},"author":42,"featured_media":0,"parent":0,"menu_order":0,"comment_status":"closed","ping_status":"closed","template":"","meta":{"_acf_changed":false,"footnotes":""},"coauthors":[1211,1203],"class_list":["post-39","page","type-page","status-publish","hentry"],"acf":[],"yoast_head":"<!-- This site is optimized with the Yoast SEO plugin v24.8.1 - https:\/\/yoast.com\/wordpress\/plugins\/seo\/ -->\n<title>Contactar con Volont\u00e9 | El blog de LELO<\/title>\n<meta name=\"description\" content=\"Env\u00edanos tus preguntas sobre sexo y relaciones o pres\u00e9ntanos tus art\u00edculos e ideas para publicar. LELO y miles de lectores te esperan cada d\u00eda en Volont\u00e9.\" \/>\n<meta name=\"robots\" content=\"index, follow, max-snippet:-1, max-image-preview:large, max-video-preview:-1\" \/>\n<link rel=\"canonical\" href=\"https:\/\/www.lelo.com\/es\/blog\/contact-volonte\/\" \/>\n<meta property=\"og:locale\" content=\"es_ES\" \/>\n<meta property=\"og:type\" content=\"article\" \/>\n<meta property=\"og:title\" content=\"Contactar con Volont\u00e9 | El blog de LELO\" \/>\n<meta property=\"og:description\" content=\"Env\u00edanos tus preguntas sobre sexo y relaciones o pres\u00e9ntanos tus art\u00edculos e ideas para publicar. LELO y miles de lectores te esperan cada d\u00eda en Volont\u00e9.\" \/>\n<meta property=\"og:url\" content=\"https:\/\/www.lelo.com\/es\/blog\/contact-volonte\/\" \/>\n<meta property=\"og:site_name\" content=\"Volont\u00e9\" \/>\n<meta property=\"article:publisher\" content=\"https:\/\/www.facebook.com\/LELO.lust.objectified\" \/>\n<meta property=\"article:modified_time\" content=\"2015-01-26T06:25:52+00:00\" \/>\n<meta property=\"og:image\" content=\"https:\/\/lelo.com\/es\/blog\/wp-content\/uploads\/2014\/06\/FB_VOLONTE_560x292_01.jpg\" \/>\n<meta name=\"twitter:card\" content=\"summary_large_image\" \/>\n<meta name=\"twitter:site\" content=\"@LELO_ES\" \/>\n<meta name=\"twitter:label1\" content=\"Written by\" \/>\n\t<meta name=\"twitter:data1\" content=\"Adriana Bertorelli, El editor\" \/>\n<script type=\"application\/ld+json\" class=\"yoast-schema-graph\">{\"@context\":\"https:\/\/schema.org\",\"@graph\":[{\"@type\":\"WebPage\",\"@id\":\"https:\/\/www.lelo.com\/es\/blog\/contact-volonte\/\",\"url\":\"https:\/\/www.lelo.com\/es\/blog\/contact-volonte\/\",\"name\":\"Contactar con Volont\u00e9 | El blog de LELO\",\"isPartOf\":{\"@id\":\"https:\/\/www.lelo.com\/es\/blog\/#website\"},\"primaryImageOfPage\":{\"@id\":\"https:\/\/www.lelo.com\/es\/blog\/contact-volonte\/#primaryimage\"},\"image\":{\"@id\":\"https:\/\/www.lelo.com\/es\/blog\/contact-volonte\/#primaryimage\"},\"thumbnailUrl\":\"https:\/\/lelo.com\/es\/blog\/wp-content\/uploads\/2014\/06\/FB_VOLONTE_560x292_01.jpg\",\"datePublished\":\"2014-04-08T10:54:18+00:00\",\"dateModified\":\"2015-01-26T06:25:52+00:00\",\"description\":\"Env\u00edanos tus preguntas sobre sexo y relaciones o pres\u00e9ntanos tus art\u00edculos e ideas para publicar. LELO y miles de lectores te esperan cada d\u00eda en Volont\u00e9.\",\"inLanguage\":\"es\",\"potentialAction\":[{\"@type\":\"ReadAction\",\"target\":[\"https:\/\/www.lelo.com\/es\/blog\/contact-volonte\/\"]}]},{\"@type\":\"ImageObject\",\"inLanguage\":\"es\",\"@id\":\"https:\/\/www.lelo.com\/es\/blog\/contact-volonte\/#primaryimage\",\"url\":\"https:\/\/lelo.com\/es\/blog\/wp-content\/uploads\/2014\/06\/FB_VOLONTE_560x292_01.jpg\",\"contentUrl\":\"https:\/\/lelo.com\/es\/blog\/wp-content\/uploads\/2014\/06\/FB_VOLONTE_560x292_01.jpg\"},{\"@type\":\"WebSite\",\"@id\":\"https:\/\/www.lelo.com\/es\/blog\/#website\",\"url\":\"https:\/\/www.lelo.com\/es\/blog\/\",\"name\":\"Volont\u00e9\",\"description\":\"Relatos er\u00f3ticos, juguetes er\u00f3ticos, Kamasutra, masturbaci\u00f3n, sexo oral, sexo anal, amor, pel\u00edculas er\u00f3ticas y consejos sexuales\",\"potentialAction\":[{\"@type\":\"SearchAction\",\"target\":{\"@type\":\"EntryPoint\",\"urlTemplate\":\"https:\/\/www.lelo.com\/es\/blog\/?s={search_term_string}\"},\"query-input\":{\"@type\":\"PropertyValueSpecification\",\"valueRequired\":true,\"valueName\":\"search_term_string\"}}],\"inLanguage\":\"es\"}]}<\/script>\n<!-- \/ Yoast SEO plugin. -->","yoast_head_json":{"title":"Contactar con Volont\u00e9 | El blog de LELO","description":"Env\u00edanos tus preguntas sobre sexo y relaciones o pres\u00e9ntanos tus art\u00edculos e ideas para publicar. LELO y miles de lectores te esperan cada d\u00eda en Volont\u00e9.","robots":{"index":"index","follow":"follow","max-snippet":"max-snippet:-1","max-image-preview":"max-image-preview:large","max-video-preview":"max-video-preview:-1"},"canonical":"https:\/\/www.lelo.com\/es\/blog\/contact-volonte\/","og_locale":"es_ES","og_type":"article","og_title":"Contactar con Volont\u00e9 | El blog de LELO","og_description":"Env\u00edanos tus preguntas sobre sexo y relaciones o pres\u00e9ntanos tus art\u00edculos e ideas para publicar. LELO y miles de lectores te esperan cada d\u00eda en Volont\u00e9.","og_url":"https:\/\/www.lelo.com\/es\/blog\/contact-volonte\/","og_site_name":"Volont\u00e9","article_publisher":"https:\/\/www.facebook.com\/LELO.lust.objectified","article_modified_time":"2015-01-26T06:25:52+00:00","og_image":[{"url":"https:\/\/lelo.com\/es\/blog\/wp-content\/uploads\/2014\/06\/FB_VOLONTE_560x292_01.jpg","type":"","width":"","height":""}],"twitter_card":"summary_large_image","twitter_site":"@LELO_ES","twitter_misc":{"Written by":"Adriana Bertorelli, El editor"},"schema":{"@context":"https:\/\/schema.org","@graph":[{"@type":"WebPage","@id":"https:\/\/www.lelo.com\/es\/blog\/contact-volonte\/","url":"https:\/\/www.lelo.com\/es\/blog\/contact-volonte\/","name":"Contactar con Volont\u00e9 | El blog de LELO","isPartOf":{"@id":"https:\/\/www.lelo.com\/es\/blog\/#website"},"primaryImageOfPage":{"@id":"https:\/\/www.lelo.com\/es\/blog\/contact-volonte\/#primaryimage"},"image":{"@id":"https:\/\/www.lelo.com\/es\/blog\/contact-volonte\/#primaryimage"},"thumbnailUrl":"https:\/\/lelo.com\/es\/blog\/wp-content\/uploads\/2014\/06\/FB_VOLONTE_560x292_01.jpg","datePublished":"2014-04-08T10:54:18+00:00","dateModified":"2015-01-26T06:25:52+00:00","description":"Env\u00edanos tus preguntas sobre sexo y relaciones o pres\u00e9ntanos tus art\u00edculos e ideas para publicar. LELO y miles de lectores te esperan cada d\u00eda en Volont\u00e9.","inLanguage":"es","potentialAction":[{"@type":"ReadAction","target":["https:\/\/www.lelo.com\/es\/blog\/contact-volonte\/"]}]},{"@type":"ImageObject","inLanguage":"es","@id":"https:\/\/www.lelo.com\/es\/blog\/contact-volonte\/#primaryimage","url":"https:\/\/lelo.com\/es\/blog\/wp-content\/uploads\/2014\/06\/FB_VOLONTE_560x292_01.jpg","contentUrl":"https:\/\/lelo.com\/es\/blog\/wp-content\/uploads\/2014\/06\/FB_VOLONTE_560x292_01.jpg"},{"@type":"WebSite","@id":"https:\/\/www.lelo.com\/es\/blog\/#website","url":"https:\/\/www.lelo.com\/es\/blog\/","name":"Volont\u00e9","description":"Relatos er\u00f3ticos, juguetes er\u00f3ticos, Kamasutra, masturbaci\u00f3n, sexo oral, sexo anal, amor, pel\u00edculas er\u00f3ticas y consejos sexuales","potentialAction":[{"@type":"SearchAction","target":{"@type":"EntryPoint","urlTemplate":"https:\/\/www.lelo.com\/es\/blog\/?s={search_term_string}"},"query-input":{"@type":"PropertyValueSpecification","valueRequired":true,"valueName":"search_term_string"}}],"inLanguage":"es"}]}},"_links":{"self":[{"href":"https:\/\/www.lelo.com\/es\/blog\/wp-json\/wp\/v2\/pages\/39","targetHints":{"allow":["GET"]}}],"collection":[{"href":"https:\/\/www.lelo.com\/es\/blog\/wp-json\/wp\/v2\/pages"}],"about":[{"href":"https:\/\/www.lelo.com\/es\/blog\/wp-json\/wp\/v2\/types\/page"}],"author":[{"embeddable":true,"href":"https:\/\/www.lelo.com\/es\/blog\/wp-json\/wp\/v2\/users\/42"}],"replies":[{"embeddable":true,"href":"https:\/\/www.lelo.com\/es\/blog\/wp-json\/wp\/v2\/comments?post=39"}],"version-history":[{"count":7,"href":"https:\/\/www.lelo.com\/es\/blog\/wp-json\/wp\/v2\/pages\/39\/revisions"}],"predecessor-version":[{"id":83,"href":"https:\/\/www.lelo.com\/es\/blog\/wp-json\/wp\/v2\/pages\/39\/revisions\/83"}],"wp:attachment":[{"href":"https:\/\/www.lelo.com\/es\/blog\/wp-json\/wp\/v2\/media?parent=39"}],"wp:term":[{"taxonomy":"author","embeddable":true,"href":"https:\/\/www.lelo.com\/es\/blog\/wp-json\/wp\/v2\/coauthors?post=39"}],"curies":[{"name":"wp","href":"https:\/\/api.w.org\/{rel}","templated":true}]}}