{"id":11321,"date":"2015-03-13T10:25:08","date_gmt":"2015-03-13T09:25:08","guid":{"rendered":"https:\/\/dev.lelo.com\/fr\/blog\/?page_id=11321"},"modified":"2021-06-10T10:52:05","modified_gmt":"2021-06-10T10:52:05","slug":"blog","status":"publish","type":"page","link":"https:\/\/www.lelo.com\/fr\/blog\/blog\/","title":{"rendered":"Blog"},"content":{"rendered":"","protected":false},"excerpt":{"rendered":"","protected":false},"author":5,"featured_media":0,"parent":0,"menu_order":0,"comment_status":"closed","ping_status":"closed","template":"index.php","meta":{"_acf_changed":false,"footnotes":""},"class_list":["post-11321","page","type-page","status-publish","hentry"],"acf":[],"yoast_head":"<!-- This site is optimized with the Yoast SEO plugin v24.8.1 - https:\/\/yoast.com\/wordpress\/plugins\/seo\/ -->\n<title>Histoires \u00c9rotiques, Conseils, Astuces et Actualit\u00e9s de LELO<\/title>\n<meta name=\"description\" content=\"D\u00e9couvrez le monde de LELO gr\u00e2ce \u00e0 son blog. Vous y trouverez des conseils et faits sur la sexualit\u00e9, des histoires \u00e9rotiques ainsi que les nouveaut\u00e9s LELO\" \/>\n<meta name=\"robots\" content=\"index, follow, max-snippet:-1, max-image-preview:large, max-video-preview:-1\" \/>\n<link rel=\"canonical\" href=\"https:\/\/www.lelo.com\/fr\/blog\/blog\/\" \/>\n<meta property=\"og:locale\" content=\"fr_FR\" \/>\n<meta property=\"og:type\" content=\"article\" \/>\n<meta property=\"og:title\" content=\"Histoires \u00c9rotiques, Conseils, Astuces et Actualit\u00e9s de LELO\" \/>\n<meta property=\"og:description\" content=\"D\u00e9couvrez le monde de LELO gr\u00e2ce \u00e0 son blog. Vous y trouverez des conseils et faits sur la sexualit\u00e9, des histoires \u00e9rotiques ainsi que les nouveaut\u00e9s LELO\" \/>\n<meta property=\"og:url\" content=\"https:\/\/www.lelo.com\/fr\/blog\/blog\/\" \/>\n<meta property=\"og:site_name\" content=\"Le Blog de LELO\" \/>\n<meta property=\"article:publisher\" content=\"https:\/\/www.facebook.com\/LELO.lust.objectified\" \/>\n<meta property=\"article:modified_time\" content=\"2021-06-10T10:52:05+00:00\" \/>\n<meta property=\"og:image\" content=\"https:\/\/www.lelo.com\/fr\/blog\/wp-content\/uploads\/2015\/03\/Volont\u00e9-Le-Plaisir-Selon-LELO.jpg\" \/>\n\t<meta property=\"og:image:width\" content=\"254\" \/>\n\t<meta property=\"og:image:height\" content=\"94\" \/>\n\t<meta property=\"og:image:type\" content=\"image\/jpeg\" \/>\n<meta name=\"twitter:card\" content=\"summary_large_image\" \/>\n<meta name=\"twitter:site\" content=\"@EmaGauthier\" \/>\n<script type=\"application\/ld+json\" class=\"yoast-schema-graph\">{\"@context\":\"https:\/\/schema.org\",\"@graph\":[{\"@type\":\"WebPage\",\"@id\":\"https:\/\/www.lelo.com\/fr\/blog\/blog\/\",\"url\":\"https:\/\/www.lelo.com\/fr\/blog\/blog\/\",\"name\":\"Histoires \u00c9rotiques, Conseils, Astuces et Actualit\u00e9s de LELO\",\"isPartOf\":{\"@id\":\"https:\/\/www.lelo.com\/fr\/blog\/#website\"},\"datePublished\":\"2015-03-13T09:25:08+00:00\",\"dateModified\":\"2021-06-10T10:52:05+00:00\",\"description\":\"D\u00e9couvrez le monde de LELO gr\u00e2ce \u00e0 son blog. Vous y trouverez des conseils et faits sur la sexualit\u00e9, des histoires \u00e9rotiques ainsi que les nouveaut\u00e9s LELO\",\"breadcrumb\":{\"@id\":\"https:\/\/www.lelo.com\/fr\/blog\/blog\/#breadcrumb\"},\"inLanguage\":\"fr-FR\",\"potentialAction\":[{\"@type\":\"ReadAction\",\"target\":[\"https:\/\/www.lelo.com\/fr\/blog\/blog\/\"]}]},{\"@type\":\"BreadcrumbList\",\"@id\":\"https:\/\/www.lelo.com\/fr\/blog\/blog\/#breadcrumb\",\"itemListElement\":[{\"@type\":\"ListItem\",\"position\":1,\"name\":\"Accueil\",\"item\":\"https:\/\/www.lelo.com\/fr\/blog\/\"},{\"@type\":\"ListItem\",\"position\":2,\"name\":\"Blog\"}]},{\"@type\":\"WebSite\",\"@id\":\"https:\/\/www.lelo.com\/fr\/blog\/#website\",\"url\":\"https:\/\/www.lelo.com\/fr\/blog\/\",\"name\":\"Le Blog de LELO\",\"description\":\"\",\"publisher\":{\"@id\":\"https:\/\/www.lelo.com\/fr\/blog\/#organization\"},\"potentialAction\":[{\"@type\":\"SearchAction\",\"target\":{\"@type\":\"EntryPoint\",\"urlTemplate\":\"https:\/\/www.lelo.com\/fr\/blog\/?s={search_term_string}\"},\"query-input\":{\"@type\":\"PropertyValueSpecification\",\"valueRequired\":true,\"valueName\":\"search_term_string\"}}],\"inLanguage\":\"fr-FR\"},{\"@type\":\"Organization\",\"@id\":\"https:\/\/www.lelo.com\/fr\/blog\/#organization\",\"name\":\"LELO - le blog Volont\u00e9\",\"url\":\"https:\/\/www.lelo.com\/fr\/blog\/\",\"logo\":{\"@type\":\"ImageObject\",\"inLanguage\":\"fr-FR\",\"@id\":\"https:\/\/www.lelo.com\/fr\/blog\/#\/schema\/logo\/image\/\",\"url\":\"https:\/\/www.lelo.com\/fr\/blog\/wp-content\/uploads\/2015\/03\/Volont\u00e9.jpg\",\"contentUrl\":\"https:\/\/www.lelo.com\/fr\/blog\/wp-content\/uploads\/2015\/03\/Volont\u00e9.jpg\",\"width\":508,\"height\":188,\"caption\":\"LELO - le blog Volont\u00e9\"},\"image\":{\"@id\":\"https:\/\/www.lelo.com\/fr\/blog\/#\/schema\/logo\/image\/\"},\"sameAs\":[\"https:\/\/www.facebook.com\/LELO.lust.objectified\",\"https:\/\/x.com\/EmaGauthier\",\"https:\/\/www.pinterest.com\/emagauthier\/\"]}]}<\/script>\n<!-- \/ Yoast SEO plugin. -->","yoast_head_json":{"title":"Histoires \u00c9rotiques, Conseils, Astuces et Actualit\u00e9s de LELO","description":"D\u00e9couvrez le monde de LELO gr\u00e2ce \u00e0 son blog. Vous y trouverez des conseils et faits sur la sexualit\u00e9, des histoires \u00e9rotiques ainsi que les nouveaut\u00e9s LELO","robots":{"index":"index","follow":"follow","max-snippet":"max-snippet:-1","max-image-preview":"max-image-preview:large","max-video-preview":"max-video-preview:-1"},"canonical":"https:\/\/www.lelo.com\/fr\/blog\/blog\/","og_locale":"fr_FR","og_type":"article","og_title":"Histoires \u00c9rotiques, Conseils, Astuces et Actualit\u00e9s de LELO","og_description":"D\u00e9couvrez le monde de LELO gr\u00e2ce \u00e0 son blog. Vous y trouverez des conseils et faits sur la sexualit\u00e9, des histoires \u00e9rotiques ainsi que les nouveaut\u00e9s LELO","og_url":"https:\/\/www.lelo.com\/fr\/blog\/blog\/","og_site_name":"Le Blog de LELO","article_publisher":"https:\/\/www.facebook.com\/LELO.lust.objectified","article_modified_time":"2021-06-10T10:52:05+00:00","og_image":[{"width":254,"height":94,"url":"https:\/\/www.lelo.com\/fr\/blog\/wp-content\/uploads\/2015\/03\/Volont\u00e9-Le-Plaisir-Selon-LELO.jpg","type":"image\/jpeg"}],"twitter_card":"summary_large_image","twitter_site":"@EmaGauthier","schema":{"@context":"https:\/\/schema.org","@graph":[{"@type":"WebPage","@id":"https:\/\/www.lelo.com\/fr\/blog\/blog\/","url":"https:\/\/www.lelo.com\/fr\/blog\/blog\/","name":"Histoires \u00c9rotiques, Conseils, Astuces et Actualit\u00e9s de LELO","isPartOf":{"@id":"https:\/\/www.lelo.com\/fr\/blog\/#website"},"datePublished":"2015-03-13T09:25:08+00:00","dateModified":"2021-06-10T10:52:05+00:00","description":"D\u00e9couvrez le monde de LELO gr\u00e2ce \u00e0 son blog. Vous y trouverez des conseils et faits sur la sexualit\u00e9, des histoires \u00e9rotiques ainsi que les nouveaut\u00e9s LELO","breadcrumb":{"@id":"https:\/\/www.lelo.com\/fr\/blog\/blog\/#breadcrumb"},"inLanguage":"fr-FR","potentialAction":[{"@type":"ReadAction","target":["https:\/\/www.lelo.com\/fr\/blog\/blog\/"]}]},{"@type":"BreadcrumbList","@id":"https:\/\/www.lelo.com\/fr\/blog\/blog\/#breadcrumb","itemListElement":[{"@type":"ListItem","position":1,"name":"Accueil","item":"https:\/\/www.lelo.com\/fr\/blog\/"},{"@type":"ListItem","position":2,"name":"Blog"}]},{"@type":"WebSite","@id":"https:\/\/www.lelo.com\/fr\/blog\/#website","url":"https:\/\/www.lelo.com\/fr\/blog\/","name":"Le Blog de LELO","description":"","publisher":{"@id":"https:\/\/www.lelo.com\/fr\/blog\/#organization"},"potentialAction":[{"@type":"SearchAction","target":{"@type":"EntryPoint","urlTemplate":"https:\/\/www.lelo.com\/fr\/blog\/?s={search_term_string}"},"query-input":{"@type":"PropertyValueSpecification","valueRequired":true,"valueName":"search_term_string"}}],"inLanguage":"fr-FR"},{"@type":"Organization","@id":"https:\/\/www.lelo.com\/fr\/blog\/#organization","name":"LELO - le blog Volont\u00e9","url":"https:\/\/www.lelo.com\/fr\/blog\/","logo":{"@type":"ImageObject","inLanguage":"fr-FR","@id":"https:\/\/www.lelo.com\/fr\/blog\/#\/schema\/logo\/image\/","url":"https:\/\/www.lelo.com\/fr\/blog\/wp-content\/uploads\/2015\/03\/Volont\u00e9.jpg","contentUrl":"https:\/\/www.lelo.com\/fr\/blog\/wp-content\/uploads\/2015\/03\/Volont\u00e9.jpg","width":508,"height":188,"caption":"LELO - le blog Volont\u00e9"},"image":{"@id":"https:\/\/www.lelo.com\/fr\/blog\/#\/schema\/logo\/image\/"},"sameAs":["https:\/\/www.facebook.com\/LELO.lust.objectified","https:\/\/x.com\/EmaGauthier","https:\/\/www.pinterest.com\/emagauthier\/"]}]}},"_links":{"self":[{"href":"https:\/\/www.lelo.com\/fr\/blog\/wp-json\/wp\/v2\/pages\/11321","targetHints":{"allow":["GET"]}}],"collection":[{"href":"https:\/\/www.lelo.com\/fr\/blog\/wp-json\/wp\/v2\/pages"}],"about":[{"href":"https:\/\/www.lelo.com\/fr\/blog\/wp-json\/wp\/v2\/types\/page"}],"author":[{"embeddable":true,"href":"https:\/\/www.lelo.com\/fr\/blog\/wp-json\/wp\/v2\/users\/5"}],"replies":[{"embeddable":true,"href":"https:\/\/www.lelo.com\/fr\/blog\/wp-json\/wp\/v2\/comments?post=11321"}],"version-history":[{"count":1,"href":"https:\/\/www.lelo.com\/fr\/blog\/wp-json\/wp\/v2\/pages\/11321\/revisions"}],"predecessor-version":[{"id":11323,"href":"https:\/\/www.lelo.com\/fr\/blog\/wp-json\/wp\/v2\/pages\/11321\/revisions\/11323"}],"wp:attachment":[{"href":"https:\/\/www.lelo.com\/fr\/blog\/wp-json\/wp\/v2\/media?parent=11321"}],"curies":[{"name":"wp","href":"https:\/\/api.w.org\/{rel}","templated":true}]}}