{"id":11455,"date":"2015-03-20T10:37:54","date_gmt":"2015-03-20T09:37:54","guid":{"rendered":"https:\/\/dev.lelo.com\/fr\/blog\/?page_id=11455"},"modified":"2015-05-06T07:51:05","modified_gmt":"2015-05-06T06:51:05","slug":"ecrire-pour-lelo","status":"publish","type":"page","link":"https:\/\/www.lelo.com\/fr\/blog\/ecrire-pour-lelo\/","title":{"rendered":"Avis \u00e0 Tous les \u00ab Sexperts \u00bb et Auteurs de Textes \u00c9rotiques : LELO vous Attend !"},"content":{"rendered":"<p>Dans cette logique qui nous habite sans cesse d\u2019offrir \u00e0 nos lecteurs et clients tout ce qu\u2019il y a de meilleur, LELO est \u00e0 la recherche des \u00e9crivains les plus talentueux du monde francophone. Nous souhaitons ainsi faire profiter votre g\u00e9nie narratif \u00e0 nos 400 000 visiteurs mensuels pour les informer, les amuser et leur ouvrir l\u2019esprit \u00e0 de nouvelles formes de sensualit\u00e9s, plus saines et plus vibrantes.<\/p>\n<p>Nous sommes actuellement \u00e0 la recherche de contributeurs ext\u00e9rieurs, \u00e0 la fois dans les domaines de la fiction \u00e9rotique et ceux de l\u2019expertise en sexualit\u00e9 et relations de couple. Si vous avez un savoir \u00e0 partager dans l\u2019une de ces disciplines, nous lirons avec plaisir et attention un extrait de votre travail ou un descriptif de ce que vous pouvez nous proposer.<\/p>\n<p>Vous trouverez ci-dessous plus de d\u00e9tails concernant nos attentes de contenu et n\u2019h\u00e9sitez surtout pas \u00e0 nous contacter pour en savoir plus. Nous attendons de vos nouvelles avec impatience, \u00e9crivains en herbe ou confirm\u00e9s.<\/p>\n<h3>Du c\u00f4t\u00e9 des auteurs de Textes \u00c9rotiques<\/h3>\n<p>LELO est actuellement en train de fouiller minutieusement le monde de l\u2019\u00e9criture \u00e9rotique \u00e0 la recherche du ou de la prochain(e) E.L. James pour enrichir le Blog et faire profiter de votre talent au monde\u00a0! Si vous pensez que vous \u00eates le Zola de l\u2019\u00e9rotisme, le Baudelaire de la volupt\u00e9, le Proust de la concupiscence\u2026 nous lirons avec joie une \u0153uvre originale de votre cru susceptible selon vous de plaire \u00e0 nos lectrices et lecteurs.<\/p>\n<h5><strong>Quelques indications quant au contenu \u00e9rotique<\/strong><\/h5>\n<ul>\n<li>Les histoires doivent faire entre 700 et 2000 mots environ et elles n\u2019auront encore jamais \u00e9t\u00e9 publi\u00e9es nulle part.<\/li>\n<li>Le placement de produit n\u2019est pas n\u00e9cessaire, mais si vous voulez inclure des accessoires LELO, n\u2019utilisez pas directement leurs noms (nous voulons divertir nos lecteurs, pas les noyer sous la publicit\u00e9\u00a0!)<\/li>\n<li>Nous attendons des textes qu\u2019ils soient tourn\u00e9s vers l\u2019exp\u00e9rience et les \u00e9motions, comme dans tout bon contenu \u00e9rotique.<\/li>\n<li>M\u00eame si beaucoup des lecteurs ne seront pas habitu\u00e9s \u00e0 la lecture \u00e9rotique, les histoires un peu \u00ab\u00a0hard\u00a0\u00bb et les mots qui vont avec restent bienvenus \u00e0 condition qu\u2019ils servent l\u2019histoire.<\/li>\n<li>Nous sommes susceptibles de vous proposer une contribution r\u00e9guli\u00e8re et de vous passer quelques commandes dans le futur si vous \u00eates int\u00e9ress\u00e9.<\/li>\n<li>Nous pourrons \u00e9galement donner aux contributeurs r\u00e9guliers la possibilit\u00e9 de faire des tests avec r\u00e9daction d\u2019avis autour des produits LELO.<\/li>\n<\/ul>\n<p>Nous n\u2019utiliserons jamais aucun de vos contenus sans votre accord pr\u00e9alable et nous ne d\u00e9voilerons sur vous que les informations que vous voulez bien partager.<\/p>\n<h3>Du c\u00f4t\u00e9 des experts en Sexualit\u00e9 et Relations de Couple<\/h3>\n<p>Nous souhaitons mettre en place un r\u00e9seau d\u2019experts capables de contribuer \u00e0 enrichir le Blog avec des articles pointus autour de la sexualit\u00e9 et des relations de couple. Nous voulons ainsi offrir \u00e0 nos lecteurs des conseils utiles autour du sexe, de la s\u00e9duction et des relations amoureuses, venus directement d\u2019experts en la mati\u00e8re.<\/p>\n<h5><strong>Quelques indications quant au contenu des textes d\u2019experts<\/strong><\/h5>\n<ul>\n<li>Les articles doivent \u00eatre compris entre 700 et 2000 mots environ, sur le sujet de votre choix.<\/li>\n<li>Les articles peuvent traiter de n\u2019importe quelle branche de la sexualit\u00e9 ou des relations de couple avec comme unique crit\u00e8re que le sujet soit susceptible, selon vous, d\u2019int\u00e9resser nos lecteurs.<\/li>\n<li>Vous devez inclure dans votre texte au moins 2 liens naturels vers des articles du Blog. Si vous ne savez pas lesquels choisir parmi nos tr\u00e8s nombreux articles, notre \u00e9quipe \u00e9ditorial pourra vous aider.<\/li>\n<\/ul>\n<h3>Nous attendons de vos nouvelles (\u00e9rotiques) avec impatience\u00a0!<\/h3>\n<p>Si vous avez la moindre question, n\u2019h\u00e9sitez pas \u00e0 nous contacter.<\/p>\n<p>N\u2019oubliez pas que le Blog est un projet sur le long terme avec pour objectif d\u2019ouvrir ses lecteurs \u00e0 une autre forme de sensualit\u00e9\u00a0: vibrante, saine et pleine de plaisir. Alors que vous soyez novice ou prix Nobel de litt\u00e9rature, n\u2019h\u00e9sitez surtout pas \u00e0 nous proposer vos \u00e9crits pour partager votre vision voluptueuse avec nos lecteurs.<\/p>\n\n<div class=\"wpcf7 no-js\" id=\"wpcf7-f11459-o1\" lang=\"fr-FR\" dir=\"ltr\" data-wpcf7-id=\"11459\">\n<div class=\"screen-reader-response\"><p role=\"status\" aria-live=\"polite\" aria-atomic=\"true\"><\/p> <ul><\/ul><\/div>\n<form action=\"\/fr\/blog\/wp-json\/wp\/v2\/pages\/11455#wpcf7-f11459-o1\" method=\"post\" class=\"wpcf7-form init\" aria-label=\"Formulaire de contact\" novalidate=\"novalidate\" data-status=\"init\">\n<div style=\"display: none;\">\n<input type=\"hidden\" name=\"_wpcf7\" value=\"11459\" \/>\n<input type=\"hidden\" name=\"_wpcf7_version\" value=\"6.0.5\" \/>\n<input type=\"hidden\" name=\"_wpcf7_locale\" value=\"fr_FR\" \/>\n<input type=\"hidden\" name=\"_wpcf7_unit_tag\" value=\"wpcf7-f11459-o1\" \/>\n<input type=\"hidden\" name=\"_wpcf7_container_post\" value=\"0\" \/>\n<input type=\"hidden\" name=\"_wpcf7_posted_data_hash\" value=\"\" \/>\n<input type=\"hidden\" name=\"_wpcf7_recaptcha_response\" value=\"\" \/>\n<\/div>\n<p>Votre nom (obligatoire)\n<\/p>\n<p><span class=\"wpcf7-form-control-wrap\" data-name=\"text-751\"><input size=\"40\" maxlength=\"400\" class=\"wpcf7-form-control wpcf7-text wpcf7-validates-as-required\" aria-required=\"true\" aria-invalid=\"false\" placeholder=\"Votre nom\" value=\"\" type=\"text\" name=\"text-751\" \/><\/span>\n<\/p>\n<p>Votre email (obligatoire)\n<\/p>\n<p><span class=\"wpcf7-form-control-wrap\" data-name=\"email-162\"><input size=\"40\" maxlength=\"400\" class=\"wpcf7-form-control wpcf7-email wpcf7-validates-as-required wpcf7-text wpcf7-validates-as-email\" aria-required=\"true\" aria-invalid=\"false\" placeholder=\"Votre email\" value=\"\" type=\"email\" name=\"email-162\" \/><\/span>\n<\/p>\n<p>Sujet\n<\/p>\n<p><span class=\"wpcf7-form-control-wrap\" data-name=\"text-752\"><input size=\"40\" maxlength=\"400\" class=\"wpcf7-form-control wpcf7-text wpcf7-validates-as-required\" aria-required=\"true\" aria-invalid=\"false\" placeholder=\"Sujet\" value=\"\" type=\"text\" name=\"text-752\" \/><\/span>\n<\/p>\n<p>Votre message\n<\/p>\n<p><span class=\"wpcf7-form-control-wrap\" data-name=\"textarea-466\"><textarea cols=\"40\" rows=\"10\" maxlength=\"2000\" class=\"wpcf7-form-control wpcf7-textarea wpcf7-validates-as-required\" aria-required=\"true\" aria-invalid=\"false\" placeholder=\"Votre message\" name=\"textarea-466\"><\/textarea><\/span>\n<\/p>\n<p>Lien de votre meilleur article publi\u00e9\n<\/p>\n<p><span class=\"wpcf7-form-control-wrap\" data-name=\"url-627\"><input size=\"40\" maxlength=\"400\" class=\"wpcf7-form-control wpcf7-url wpcf7-validates-as-required wpcf7-text wpcf7-validates-as-url\" aria-required=\"true\" aria-invalid=\"false\" placeholder=\"Votre Lien\" value=\"\" type=\"url\" name=\"url-627\" \/><\/span>\n<\/p>\n<p><input class=\"wpcf7-form-control wpcf7-submit has-spinner\" type=\"submit\" value=\"Envoyer\" \/>\n<\/p><p style=\"display: none !important;\" class=\"akismet-fields-container\" data-prefix=\"_wpcf7_ak_\"><label>&#916;<textarea name=\"_wpcf7_ak_hp_textarea\" cols=\"45\" rows=\"8\" maxlength=\"100\"><\/textarea><\/label><input type=\"hidden\" id=\"ak_js_1\" name=\"_wpcf7_ak_js\" value=\"17\"\/><script>document.getElementById( \"ak_js_1\" ).setAttribute( \"value\", ( new Date() ).getTime() );<\/script><\/p><div class=\"wpcf7-response-output\" aria-hidden=\"true\"><\/div>\n<\/form>\n<\/div>\n\n","protected":false},"excerpt":{"rendered":"<p>Dans cette logique qui nous habite sans cesse d\u2019offrir \u00e0 nos lecteurs et clients tout ce qu\u2019il y a de meilleur, LELO est \u00e0 la recherche des \u00e9crivains les plus talentueux du monde francophone. Nous souhaitons ainsi faire profiter votre g\u00e9nie narratif \u00e0 nos 400 000 visiteurs mensuels pour les informer, les amuser et leur ouvrir l\u2019esprit \u00e0 de nouvelles formes de sensualit\u00e9s, plus saines et plus vibrantes. Nous sommes actuellement \u00e0 la recherche de contributeurs ext\u00e9rieurs, \u00e0 la fois [&hellip;]<\/p>\n","protected":false},"author":5,"featured_media":0,"parent":0,"menu_order":0,"comment_status":"closed","ping_status":"closed","template":"","meta":{"_acf_changed":false,"footnotes":""},"class_list":["post-11455","page","type-page","status-publish","hentry"],"acf":[],"yoast_head":"<!-- This site is optimized with the Yoast SEO plugin v24.8.1 - https:\/\/yoast.com\/wordpress\/plugins\/seo\/ -->\n<title>Fictions ou Conseils d\u2019Expert, Proposez vos Textes au Blog de LELO !<\/title>\n<meta name=\"description\" content=\"Nous sommes \u00e0 la recherche de contributeurs, \u00e0 la fois dans les domaines de la fiction \u00e9rotique et ceux de l\u2019expertise en sexualit\u00e9 et relations de couple.\" \/>\n<meta name=\"robots\" content=\"index, follow, max-snippet:-1, max-image-preview:large, max-video-preview:-1\" \/>\n<link rel=\"canonical\" href=\"https:\/\/www.lelo.com\/fr\/blog\/ecrire-pour-lelo\/\" \/>\n<meta property=\"og:locale\" content=\"fr_FR\" \/>\n<meta property=\"og:type\" content=\"article\" \/>\n<meta property=\"og:title\" content=\"Fictions ou Conseils d\u2019Expert, Proposez vos Textes au Blog de LELO !\" \/>\n<meta property=\"og:description\" content=\"Nous sommes \u00e0 la recherche de contributeurs, \u00e0 la fois dans les domaines de la fiction \u00e9rotique et ceux de l\u2019expertise en sexualit\u00e9 et relations de couple.\" \/>\n<meta property=\"og:url\" content=\"https:\/\/www.lelo.com\/fr\/blog\/ecrire-pour-lelo\/\" \/>\n<meta property=\"og:site_name\" content=\"Le Blog de LELO\" \/>\n<meta property=\"article:publisher\" content=\"https:\/\/www.facebook.com\/LELO.lust.objectified\" \/>\n<meta property=\"article:modified_time\" content=\"2015-05-06T06:51:05+00:00\" \/>\n<meta property=\"og:image\" content=\"https:\/\/www.lelo.com\/fr\/blog\/wp-content\/uploads\/2015\/03\/Volont\u00e9-Le-Plaisir-Selon-LELO.jpg\" \/>\n\t<meta property=\"og:image:width\" content=\"254\" \/>\n\t<meta property=\"og:image:height\" content=\"94\" \/>\n\t<meta property=\"og:image:type\" content=\"image\/jpeg\" \/>\n<meta name=\"twitter:card\" content=\"summary_large_image\" \/>\n<meta name=\"twitter:site\" content=\"@EmaGauthier\" \/>\n<meta name=\"twitter:label1\" content=\"Dur\u00e9e de lecture estim\u00e9e\" \/>\n\t<meta name=\"twitter:data1\" content=\"3 minutes\" \/>\n<script type=\"application\/ld+json\" class=\"yoast-schema-graph\">{\"@context\":\"https:\/\/schema.org\",\"@graph\":[{\"@type\":\"WebPage\",\"@id\":\"https:\/\/www.lelo.com\/fr\/blog\/ecrire-pour-lelo\/\",\"url\":\"https:\/\/www.lelo.com\/fr\/blog\/ecrire-pour-lelo\/\",\"name\":\"Fictions ou Conseils d\u2019Expert, Proposez vos Textes au Blog de LELO !\",\"isPartOf\":{\"@id\":\"https:\/\/www.lelo.com\/fr\/blog\/#website\"},\"datePublished\":\"2015-03-20T09:37:54+00:00\",\"dateModified\":\"2015-05-06T06:51:05+00:00\",\"description\":\"Nous sommes \u00e0 la recherche de contributeurs, \u00e0 la fois dans les domaines de la fiction \u00e9rotique et ceux de l\u2019expertise en sexualit\u00e9 et relations de couple.\",\"breadcrumb\":{\"@id\":\"https:\/\/www.lelo.com\/fr\/blog\/ecrire-pour-lelo\/#breadcrumb\"},\"inLanguage\":\"fr-FR\",\"potentialAction\":[{\"@type\":\"ReadAction\",\"target\":[\"https:\/\/www.lelo.com\/fr\/blog\/ecrire-pour-lelo\/\"]}]},{\"@type\":\"BreadcrumbList\",\"@id\":\"https:\/\/www.lelo.com\/fr\/blog\/ecrire-pour-lelo\/#breadcrumb\",\"itemListElement\":[{\"@type\":\"ListItem\",\"position\":1,\"name\":\"Accueil\",\"item\":\"https:\/\/www.lelo.com\/fr\/blog\/\"},{\"@type\":\"ListItem\",\"position\":2,\"name\":\"Avis \u00e0 Tous les \u00ab Sexperts \u00bb et Auteurs de Textes \u00c9rotiques : LELO vous Attend !\"}]},{\"@type\":\"WebSite\",\"@id\":\"https:\/\/www.lelo.com\/fr\/blog\/#website\",\"url\":\"https:\/\/www.lelo.com\/fr\/blog\/\",\"name\":\"Le Blog de LELO\",\"description\":\"\",\"publisher\":{\"@id\":\"https:\/\/www.lelo.com\/fr\/blog\/#organization\"},\"potentialAction\":[{\"@type\":\"SearchAction\",\"target\":{\"@type\":\"EntryPoint\",\"urlTemplate\":\"https:\/\/www.lelo.com\/fr\/blog\/?s={search_term_string}\"},\"query-input\":{\"@type\":\"PropertyValueSpecification\",\"valueRequired\":true,\"valueName\":\"search_term_string\"}}],\"inLanguage\":\"fr-FR\"},{\"@type\":\"Organization\",\"@id\":\"https:\/\/www.lelo.com\/fr\/blog\/#organization\",\"name\":\"LELO - le blog Volont\u00e9\",\"url\":\"https:\/\/www.lelo.com\/fr\/blog\/\",\"logo\":{\"@type\":\"ImageObject\",\"inLanguage\":\"fr-FR\",\"@id\":\"https:\/\/www.lelo.com\/fr\/blog\/#\/schema\/logo\/image\/\",\"url\":\"https:\/\/www.lelo.com\/fr\/blog\/wp-content\/uploads\/2015\/03\/Volont\u00e9.jpg\",\"contentUrl\":\"https:\/\/www.lelo.com\/fr\/blog\/wp-content\/uploads\/2015\/03\/Volont\u00e9.jpg\",\"width\":508,\"height\":188,\"caption\":\"LELO - le blog Volont\u00e9\"},\"image\":{\"@id\":\"https:\/\/www.lelo.com\/fr\/blog\/#\/schema\/logo\/image\/\"},\"sameAs\":[\"https:\/\/www.facebook.com\/LELO.lust.objectified\",\"https:\/\/x.com\/EmaGauthier\",\"https:\/\/www.pinterest.com\/emagauthier\/\"]}]}<\/script>\n<!-- \/ Yoast SEO plugin. -->","yoast_head_json":{"title":"Fictions ou Conseils d\u2019Expert, Proposez vos Textes au Blog de LELO !","description":"Nous sommes \u00e0 la recherche de contributeurs, \u00e0 la fois dans les domaines de la fiction \u00e9rotique et ceux de l\u2019expertise en sexualit\u00e9 et relations de couple.","robots":{"index":"index","follow":"follow","max-snippet":"max-snippet:-1","max-image-preview":"max-image-preview:large","max-video-preview":"max-video-preview:-1"},"canonical":"https:\/\/www.lelo.com\/fr\/blog\/ecrire-pour-lelo\/","og_locale":"fr_FR","og_type":"article","og_title":"Fictions ou Conseils d\u2019Expert, Proposez vos Textes au Blog de LELO !","og_description":"Nous sommes \u00e0 la recherche de contributeurs, \u00e0 la fois dans les domaines de la fiction \u00e9rotique et ceux de l\u2019expertise en sexualit\u00e9 et relations de couple.","og_url":"https:\/\/www.lelo.com\/fr\/blog\/ecrire-pour-lelo\/","og_site_name":"Le Blog de LELO","article_publisher":"https:\/\/www.facebook.com\/LELO.lust.objectified","article_modified_time":"2015-05-06T06:51:05+00:00","og_image":[{"width":254,"height":94,"url":"https:\/\/www.lelo.com\/fr\/blog\/wp-content\/uploads\/2015\/03\/Volont\u00e9-Le-Plaisir-Selon-LELO.jpg","type":"image\/jpeg"}],"twitter_card":"summary_large_image","twitter_site":"@EmaGauthier","twitter_misc":{"Dur\u00e9e de lecture estim\u00e9e":"3 minutes"},"schema":{"@context":"https:\/\/schema.org","@graph":[{"@type":"WebPage","@id":"https:\/\/www.lelo.com\/fr\/blog\/ecrire-pour-lelo\/","url":"https:\/\/www.lelo.com\/fr\/blog\/ecrire-pour-lelo\/","name":"Fictions ou Conseils d\u2019Expert, Proposez vos Textes au Blog de LELO !","isPartOf":{"@id":"https:\/\/www.lelo.com\/fr\/blog\/#website"},"datePublished":"2015-03-20T09:37:54+00:00","dateModified":"2015-05-06T06:51:05+00:00","description":"Nous sommes \u00e0 la recherche de contributeurs, \u00e0 la fois dans les domaines de la fiction \u00e9rotique et ceux de l\u2019expertise en sexualit\u00e9 et relations de couple.","breadcrumb":{"@id":"https:\/\/www.lelo.com\/fr\/blog\/ecrire-pour-lelo\/#breadcrumb"},"inLanguage":"fr-FR","potentialAction":[{"@type":"ReadAction","target":["https:\/\/www.lelo.com\/fr\/blog\/ecrire-pour-lelo\/"]}]},{"@type":"BreadcrumbList","@id":"https:\/\/www.lelo.com\/fr\/blog\/ecrire-pour-lelo\/#breadcrumb","itemListElement":[{"@type":"ListItem","position":1,"name":"Accueil","item":"https:\/\/www.lelo.com\/fr\/blog\/"},{"@type":"ListItem","position":2,"name":"Avis \u00e0 Tous les \u00ab Sexperts \u00bb et Auteurs de Textes \u00c9rotiques : LELO vous Attend !"}]},{"@type":"WebSite","@id":"https:\/\/www.lelo.com\/fr\/blog\/#website","url":"https:\/\/www.lelo.com\/fr\/blog\/","name":"Le Blog de LELO","description":"","publisher":{"@id":"https:\/\/www.lelo.com\/fr\/blog\/#organization"},"potentialAction":[{"@type":"SearchAction","target":{"@type":"EntryPoint","urlTemplate":"https:\/\/www.lelo.com\/fr\/blog\/?s={search_term_string}"},"query-input":{"@type":"PropertyValueSpecification","valueRequired":true,"valueName":"search_term_string"}}],"inLanguage":"fr-FR"},{"@type":"Organization","@id":"https:\/\/www.lelo.com\/fr\/blog\/#organization","name":"LELO - le blog Volont\u00e9","url":"https:\/\/www.lelo.com\/fr\/blog\/","logo":{"@type":"ImageObject","inLanguage":"fr-FR","@id":"https:\/\/www.lelo.com\/fr\/blog\/#\/schema\/logo\/image\/","url":"https:\/\/www.lelo.com\/fr\/blog\/wp-content\/uploads\/2015\/03\/Volont\u00e9.jpg","contentUrl":"https:\/\/www.lelo.com\/fr\/blog\/wp-content\/uploads\/2015\/03\/Volont\u00e9.jpg","width":508,"height":188,"caption":"LELO - le blog Volont\u00e9"},"image":{"@id":"https:\/\/www.lelo.com\/fr\/blog\/#\/schema\/logo\/image\/"},"sameAs":["https:\/\/www.facebook.com\/LELO.lust.objectified","https:\/\/x.com\/EmaGauthier","https:\/\/www.pinterest.com\/emagauthier\/"]}]}},"_links":{"self":[{"href":"https:\/\/www.lelo.com\/fr\/blog\/wp-json\/wp\/v2\/pages\/11455","targetHints":{"allow":["GET"]}}],"collection":[{"href":"https:\/\/www.lelo.com\/fr\/blog\/wp-json\/wp\/v2\/pages"}],"about":[{"href":"https:\/\/www.lelo.com\/fr\/blog\/wp-json\/wp\/v2\/types\/page"}],"author":[{"embeddable":true,"href":"https:\/\/www.lelo.com\/fr\/blog\/wp-json\/wp\/v2\/users\/5"}],"replies":[{"embeddable":true,"href":"https:\/\/www.lelo.com\/fr\/blog\/wp-json\/wp\/v2\/comments?post=11455"}],"version-history":[{"count":3,"href":"https:\/\/www.lelo.com\/fr\/blog\/wp-json\/wp\/v2\/pages\/11455\/revisions"}],"predecessor-version":[{"id":11463,"href":"https:\/\/www.lelo.com\/fr\/blog\/wp-json\/wp\/v2\/pages\/11455\/revisions\/11463"}],"wp:attachment":[{"href":"https:\/\/www.lelo.com\/fr\/blog\/wp-json\/wp\/v2\/media?parent=11455"}],"curies":[{"name":"wp","href":"https:\/\/api.w.org\/{rel}","templated":true}]}}