{"id":33,"date":"2012-09-27T09:48:40","date_gmt":"2012-09-27T08:48:40","guid":{"rendered":"https:\/\/dev.lelo.com\/fr\/blog\/?page_id=33"},"modified":"2025-02-19T08:38:43","modified_gmt":"2025-02-19T08:38:43","slug":"contact","status":"publish","type":"page","link":"https:\/\/www.lelo.com\/fr\/blog\/contact\/","title":{"rendered":"Contactez l\u2019\u00e9quipe du Blog de LELO"},"content":{"rendered":"\t\t<div data-elementor-type=\"wp-page\" data-elementor-id=\"33\" class=\"elementor elementor-33\">\n\t\t\t\t\t\t<section class=\"elementor-section elementor-top-section elementor-element elementor-element-43ca04a5 elementor-section-full_width elementor-section-height-default elementor-section-height-default\" data-id=\"43ca04a5\" data-element_type=\"section\" data-settings=\"{&quot;background_background&quot;:&quot;classic&quot;}\">\n\t\t\t\t\t\t\t<div class=\"elementor-background-overlay\"><\/div>\n\t\t\t\t\t\t\t<div class=\"elementor-container elementor-column-gap-default\">\n\t\t\t\t\t<div class=\"elementor-column elementor-col-100 elementor-top-column elementor-element elementor-element-35c9f4af\" data-id=\"35c9f4af\" data-element_type=\"column\">\n\t\t\t<div class=\"elementor-widget-wrap elementor-element-populated\">\n\t\t\t\t\t\t<section class=\"elementor-section elementor-inner-section elementor-element elementor-element-5786ba3e elementor-section-boxed elementor-section-height-default elementor-section-height-default\" data-id=\"5786ba3e\" data-element_type=\"section\">\n\t\t\t\t\t\t<div class=\"elementor-container elementor-column-gap-default\">\n\t\t\t\t\t<div class=\"elementor-column elementor-col-100 elementor-inner-column elementor-element elementor-element-566ff3e\" data-id=\"566ff3e\" data-element_type=\"column\">\n\t\t\t<div class=\"elementor-widget-wrap elementor-element-populated\">\n\t\t\t\t\t\t<div class=\"elementor-element elementor-element-62506a56 elementor-widget elementor-widget-heading\" data-id=\"62506a56\" data-element_type=\"widget\" data-widget_type=\"heading.default\">\n\t\t\t\t<div class=\"elementor-widget-container\">\n\t\t\t\t\t<h1 class=\"elementor-heading-title elementor-size-default\">Contact Volont\u00e9<\/h1>\t\t\t\t<\/div>\n\t\t\t\t<\/div>\n\t\t\t\t\t<\/div>\n\t\t<\/div>\n\t\t\t\t\t<\/div>\n\t\t<\/section>\n\t\t\t\t\t<\/div>\n\t\t<\/div>\n\t\t\t\t\t<\/div>\n\t\t<\/section>\n\t\t\t\t<section class=\"elementor-section elementor-top-section elementor-element elementor-element-3536b9d6 elementor-section-boxed elementor-section-height-default elementor-section-height-default\" data-id=\"3536b9d6\" data-element_type=\"section\">\n\t\t\t\t\t\t<div class=\"elementor-container elementor-column-gap-default\">\n\t\t\t\t\t<div class=\"elementor-column elementor-col-100 elementor-top-column elementor-element elementor-element-75c4c6c2\" data-id=\"75c4c6c2\" data-element_type=\"column\">\n\t\t\t<div class=\"elementor-widget-wrap elementor-element-populated\">\n\t\t\t\t\t\t<div class=\"elementor-element elementor-element-17068e2d elementor-widget elementor-widget-heading\" data-id=\"17068e2d\" data-element_type=\"widget\" data-widget_type=\"heading.default\">\n\t\t\t\t<div class=\"elementor-widget-container\">\n\t\t\t\t\t<h2 class=\"elementor-heading-title elementor-size-default\">Be a part of the conversation<\/h2>\t\t\t\t<\/div>\n\t\t\t\t<\/div>\n\t\t\t\t<div class=\"elementor-element elementor-element-6893d532 elementor-widget elementor-widget-text-editor\" data-id=\"6893d532\" data-element_type=\"widget\" data-widget_type=\"text-editor.default\">\n\t\t\t\t<div class=\"elementor-widget-container\">\n\t\t\t\t\t\t\t\t\t<p>Bonjour,<\/p><p>Nous vous prions d&rsquo;utiliser ce formulaire uniquement si vous d\u00e9sirez contacter le blog de LELO.<\/p><p><a href=\"https:\/\/www.lelo.com\/fr\/support\" target=\"_blank\" rel=\"noopener\">Si vous d\u00e9sirez contacter notre relation client, notre relation presse ou autre, je vous invite \u00e0 cliquer sur ce lien<\/a><\/p><p>\n<div class=\"wpcf7 no-js\" id=\"wpcf7-f29-o1\" lang=\"en-US\" dir=\"ltr\" data-wpcf7-id=\"29\">\n<div class=\"screen-reader-response\"><p role=\"status\" aria-live=\"polite\" aria-atomic=\"true\"><\/p> <ul><\/ul><\/div>\n<form action=\"\/fr\/blog\/wp-json\/wp\/v2\/pages\/33#wpcf7-f29-o1\" method=\"post\" class=\"wpcf7-form init\" aria-label=\"Contact form\" novalidate=\"novalidate\" data-status=\"init\">\n<div style=\"display: none;\">\n<input type=\"hidden\" name=\"_wpcf7\" value=\"29\" \/>\n<input type=\"hidden\" name=\"_wpcf7_version\" value=\"6.0.5\" \/>\n<input type=\"hidden\" name=\"_wpcf7_locale\" value=\"en_US\" \/>\n<input type=\"hidden\" name=\"_wpcf7_unit_tag\" value=\"wpcf7-f29-o1\" \/>\n<input type=\"hidden\" name=\"_wpcf7_container_post\" value=\"0\" \/>\n<input type=\"hidden\" name=\"_wpcf7_posted_data_hash\" value=\"\" \/>\n<input type=\"hidden\" name=\"_wpcf7_recaptcha_response\" value=\"\" \/>\n<\/div>\n<p>Votre pr\u00e9nom (requis)\n<\/p>\n<p><span class=\"wpcf7-form-control-wrap\" data-name=\"your-firstname\"><input size=\"40\" maxlength=\"400\" class=\"wpcf7-form-control wpcf7-text wpcf7-validates-as-required\" aria-required=\"true\" aria-invalid=\"false\" value=\"\" type=\"text\" name=\"your-firstname\" \/><\/span>\n<\/p>\n<p>Votre nom de famille (requis)\n<\/p>\n<p><span class=\"wpcf7-form-control-wrap\" data-name=\"your-lastname\"><input size=\"40\" maxlength=\"400\" class=\"wpcf7-form-control wpcf7-text wpcf7-validates-as-required\" aria-required=\"true\" aria-invalid=\"false\" value=\"\" type=\"text\" name=\"your-lastname\" \/><\/span>\n<\/p>\n<p>Votre e-mail (requis)\n<\/p>\n<p><span class=\"wpcf7-form-control-wrap\" data-name=\"your-email\"><input size=\"40\" maxlength=\"400\" class=\"wpcf7-form-control wpcf7-email wpcf7-validates-as-required wpcf7-text wpcf7-validates-as-email\" aria-required=\"true\" aria-invalid=\"false\" value=\"\" type=\"email\" name=\"your-email\" \/><\/span>\n<\/p>\n<p>Sujet\n<\/p>\n<p><span class=\"wpcf7-form-control-wrap\" data-name=\"your-subject\"><input size=\"40\" maxlength=\"400\" class=\"wpcf7-form-control wpcf7-text\" aria-invalid=\"false\" value=\"\" type=\"text\" name=\"your-subject\" \/><\/span>\n<\/p>\n<p>Votre message\n<\/p>\n<p><span class=\"wpcf7-form-control-wrap\" data-name=\"your-message\"><textarea cols=\"40\" rows=\"10\" maxlength=\"2000\" class=\"wpcf7-form-control wpcf7-textarea\" aria-invalid=\"false\" name=\"your-message\"><\/textarea><\/span>\n<\/p>\n<p><input class=\"wpcf7-form-control wpcf7-submit has-spinner\" type=\"submit\" value=\"Envoyer\" \/>\n<\/p><p style=\"display: none !important;\" class=\"akismet-fields-container\" data-prefix=\"_wpcf7_ak_\"><label>&#916;<textarea name=\"_wpcf7_ak_hp_textarea\" cols=\"45\" rows=\"8\" maxlength=\"100\"><\/textarea><\/label><input type=\"hidden\" id=\"ak_js_1\" name=\"_wpcf7_ak_js\" value=\"220\"\/><script>document.getElementById( \"ak_js_1\" ).setAttribute( \"value\", ( new Date() ).getTime() );<\/script><\/p><div class=\"wpcf7-response-output\" aria-hidden=\"true\"><\/div>\n<\/form>\n<\/div>\n<\/p>\t\t\t\t\t\t\t\t<\/div>\n\t\t\t\t<\/div>\n\t\t\t\t\t<\/div>\n\t\t<\/div>\n\t\t\t\t\t<\/div>\n\t\t<\/section>\n\t\t\t\t<section class=\"elementor-section elementor-top-section elementor-element elementor-element-3ce553c5 elementor-section-boxed elementor-section-height-default elementor-section-height-default\" data-id=\"3ce553c5\" data-element_type=\"section\">\n\t\t\t\t\t\t<div class=\"elementor-container elementor-column-gap-default\">\n\t\t\t\t\t<div class=\"elementor-column elementor-col-100 elementor-top-column elementor-element elementor-element-2bb0e016\" data-id=\"2bb0e016\" data-element_type=\"column\">\n\t\t\t<div class=\"elementor-widget-wrap elementor-element-populated\">\n\t\t\t\t\t\t<div class=\"elementor-element elementor-element-565db5ef elementor-widget elementor-widget-image\" data-id=\"565db5ef\" data-element_type=\"widget\" data-widget_type=\"image.default\">\n\t\t\t\t<div class=\"elementor-widget-container\">\n\t\t\t\t\t\t\t\t\t\t\t\t\t\t\t<img fetchpriority=\"high\" decoding=\"async\" width=\"1462\" height=\"142\" src=\"https:\/\/www.lelo.com\/fr\/blog\/wp-content\/uploads\/2022\/06\/ad-970.png\" class=\"attachment-full size-full wp-image-27554\" alt=\"\" srcset=\"https:\/\/www.lelo.com\/fr\/blog\/wp-content\/uploads\/2022\/06\/ad-970.png 1462w, https:\/\/www.lelo.com\/fr\/blog\/wp-content\/uploads\/2022\/06\/ad-970-300x29.png 300w, https:\/\/www.lelo.com\/fr\/blog\/wp-content\/uploads\/2022\/06\/ad-970-1024x99.png 1024w, https:\/\/www.lelo.com\/fr\/blog\/wp-content\/uploads\/2022\/06\/ad-970-150x15.png 150w, https:\/\/www.lelo.com\/fr\/blog\/wp-content\/uploads\/2022\/06\/ad-970-768x75.png 768w, https:\/\/www.lelo.com\/fr\/blog\/wp-content\/uploads\/2022\/06\/ad-970-770x75.png 770w, https:\/\/www.lelo.com\/fr\/blog\/wp-content\/uploads\/2022\/06\/ad-970-1400x136.png 1400w\" sizes=\"(max-width: 1462px) 100vw, 1462px\" \/>\t\t\t\t\t\t\t\t\t\t\t\t\t\t\t<\/div>\n\t\t\t\t<\/div>\n\t\t\t\t<div class=\"elementor-element elementor-element-6a3b9eb7 elementor-widget elementor-widget-spacer\" data-id=\"6a3b9eb7\" data-element_type=\"widget\" data-widget_type=\"spacer.default\">\n\t\t\t\t<div class=\"elementor-widget-container\">\n\t\t\t\t\t\t\t<div class=\"elementor-spacer\">\n\t\t\t<div class=\"elementor-spacer-inner\"><\/div>\n\t\t<\/div>\n\t\t\t\t\t\t<\/div>\n\t\t\t\t<\/div>\n\t\t\t\t\t<\/div>\n\t\t<\/div>\n\t\t\t\t\t<\/div>\n\t\t<\/section>\n\t\t\t\t<\/div>\n\t\t","protected":false},"excerpt":{"rendered":"<p>Contact Volont\u00e9 Be a part of the conversation Bonjour, Nous vous prions d&rsquo;utiliser ce formulaire uniquement si vous d\u00e9sirez contacter le blog de LELO. Si vous d\u00e9sirez contacter notre relation client, notre relation presse ou autre, je vous invite \u00e0 cliquer sur ce lien<\/p>\n","protected":false},"author":5,"featured_media":0,"parent":0,"menu_order":0,"comment_status":"closed","ping_status":"closed","template":"elementor_header_footer","meta":{"_acf_changed":false,"footnotes":""},"class_list":["post-33","page","type-page","status-publish","hentry"],"acf":[],"yoast_head":"<!-- This site is optimized with the Yoast SEO plugin v24.8.1 - https:\/\/yoast.com\/wordpress\/plugins\/seo\/ -->\n<title>Contacter le blog de LELO<\/title>\n<meta name=\"description\" content=\"Si vous d\u00e9sirez nous contacter, vous pouvez remplir notre formulaire. Notre \u00e9quipe aura grand plaisir \u00e0 vous r\u00e9pondre.\" \/>\n<meta name=\"robots\" content=\"index, follow, max-snippet:-1, max-image-preview:large, max-video-preview:-1\" \/>\n<link rel=\"canonical\" href=\"https:\/\/www.lelo.com\/fr\/blog\/contact\/\" \/>\n<meta property=\"og:locale\" content=\"fr_FR\" \/>\n<meta property=\"og:type\" content=\"article\" \/>\n<meta property=\"og:title\" content=\"Contacter le blog de LELO\" \/>\n<meta property=\"og:description\" content=\"Si vous d\u00e9sirez nous contacter, vous pouvez remplir notre formulaire. Notre \u00e9quipe aura grand plaisir \u00e0 vous r\u00e9pondre.\" \/>\n<meta property=\"og:url\" content=\"https:\/\/www.lelo.com\/fr\/blog\/contact\/\" \/>\n<meta property=\"og:site_name\" content=\"Le Blog de LELO\" \/>\n<meta property=\"article:publisher\" content=\"https:\/\/www.facebook.com\/LELO.lust.objectified\" \/>\n<meta property=\"article:modified_time\" content=\"2025-02-19T08:38:43+00:00\" \/>\n<meta property=\"og:image\" content=\"https:\/\/www.lelo.com\/fr\/blog\/wp-content\/uploads\/2022\/06\/ad-970.png\" \/>\n<meta name=\"twitter:card\" content=\"summary_large_image\" \/>\n<meta name=\"twitter:site\" content=\"@EmaGauthier\" \/>\n<meta name=\"twitter:label1\" content=\"Dur\u00e9e de lecture estim\u00e9e\" \/>\n\t<meta name=\"twitter:data1\" content=\"1 minute\" \/>\n<script type=\"application\/ld+json\" class=\"yoast-schema-graph\">{\"@context\":\"https:\/\/schema.org\",\"@graph\":[{\"@type\":\"WebPage\",\"@id\":\"https:\/\/www.lelo.com\/fr\/blog\/contact\/\",\"url\":\"https:\/\/www.lelo.com\/fr\/blog\/contact\/\",\"name\":\"Contacter le blog de LELO\",\"isPartOf\":{\"@id\":\"https:\/\/www.lelo.com\/fr\/blog\/#website\"},\"primaryImageOfPage\":{\"@id\":\"https:\/\/www.lelo.com\/fr\/blog\/contact\/#primaryimage\"},\"image\":{\"@id\":\"https:\/\/www.lelo.com\/fr\/blog\/contact\/#primaryimage\"},\"thumbnailUrl\":\"https:\/\/www.lelo.com\/fr\/blog\/wp-content\/uploads\/2022\/06\/ad-970.png\",\"datePublished\":\"2012-09-27T08:48:40+00:00\",\"dateModified\":\"2025-02-19T08:38:43+00:00\",\"description\":\"Si vous d\u00e9sirez nous contacter, vous pouvez remplir notre formulaire. Notre \u00e9quipe aura grand plaisir \u00e0 vous r\u00e9pondre.\",\"breadcrumb\":{\"@id\":\"https:\/\/www.lelo.com\/fr\/blog\/contact\/#breadcrumb\"},\"inLanguage\":\"fr-FR\",\"potentialAction\":[{\"@type\":\"ReadAction\",\"target\":[\"https:\/\/www.lelo.com\/fr\/blog\/contact\/\"]}]},{\"@type\":\"ImageObject\",\"inLanguage\":\"fr-FR\",\"@id\":\"https:\/\/www.lelo.com\/fr\/blog\/contact\/#primaryimage\",\"url\":\"https:\/\/www.lelo.com\/fr\/blog\/wp-content\/uploads\/2022\/06\/ad-970.png\",\"contentUrl\":\"https:\/\/www.lelo.com\/fr\/blog\/wp-content\/uploads\/2022\/06\/ad-970.png\",\"width\":1462,\"height\":142},{\"@type\":\"BreadcrumbList\",\"@id\":\"https:\/\/www.lelo.com\/fr\/blog\/contact\/#breadcrumb\",\"itemListElement\":[{\"@type\":\"ListItem\",\"position\":1,\"name\":\"Accueil\",\"item\":\"https:\/\/www.lelo.com\/fr\/blog\/\"},{\"@type\":\"ListItem\",\"position\":2,\"name\":\"Contactez l\u2019\u00e9quipe du Blog de LELO\"}]},{\"@type\":\"WebSite\",\"@id\":\"https:\/\/www.lelo.com\/fr\/blog\/#website\",\"url\":\"https:\/\/www.lelo.com\/fr\/blog\/\",\"name\":\"Le Blog de LELO\",\"description\":\"\",\"publisher\":{\"@id\":\"https:\/\/www.lelo.com\/fr\/blog\/#organization\"},\"potentialAction\":[{\"@type\":\"SearchAction\",\"target\":{\"@type\":\"EntryPoint\",\"urlTemplate\":\"https:\/\/www.lelo.com\/fr\/blog\/?s={search_term_string}\"},\"query-input\":{\"@type\":\"PropertyValueSpecification\",\"valueRequired\":true,\"valueName\":\"search_term_string\"}}],\"inLanguage\":\"fr-FR\"},{\"@type\":\"Organization\",\"@id\":\"https:\/\/www.lelo.com\/fr\/blog\/#organization\",\"name\":\"LELO - le blog Volont\u00e9\",\"url\":\"https:\/\/www.lelo.com\/fr\/blog\/\",\"logo\":{\"@type\":\"ImageObject\",\"inLanguage\":\"fr-FR\",\"@id\":\"https:\/\/www.lelo.com\/fr\/blog\/#\/schema\/logo\/image\/\",\"url\":\"https:\/\/www.lelo.com\/fr\/blog\/wp-content\/uploads\/2015\/03\/Volont\u00e9.jpg\",\"contentUrl\":\"https:\/\/www.lelo.com\/fr\/blog\/wp-content\/uploads\/2015\/03\/Volont\u00e9.jpg\",\"width\":508,\"height\":188,\"caption\":\"LELO - le blog Volont\u00e9\"},\"image\":{\"@id\":\"https:\/\/www.lelo.com\/fr\/blog\/#\/schema\/logo\/image\/\"},\"sameAs\":[\"https:\/\/www.facebook.com\/LELO.lust.objectified\",\"https:\/\/x.com\/EmaGauthier\",\"https:\/\/www.pinterest.com\/emagauthier\/\"]}]}<\/script>\n<!-- \/ Yoast SEO plugin. -->","yoast_head_json":{"title":"Contacter le blog de LELO","description":"Si vous d\u00e9sirez nous contacter, vous pouvez remplir notre formulaire. Notre \u00e9quipe aura grand plaisir \u00e0 vous r\u00e9pondre.","robots":{"index":"index","follow":"follow","max-snippet":"max-snippet:-1","max-image-preview":"max-image-preview:large","max-video-preview":"max-video-preview:-1"},"canonical":"https:\/\/www.lelo.com\/fr\/blog\/contact\/","og_locale":"fr_FR","og_type":"article","og_title":"Contacter le blog de LELO","og_description":"Si vous d\u00e9sirez nous contacter, vous pouvez remplir notre formulaire. Notre \u00e9quipe aura grand plaisir \u00e0 vous r\u00e9pondre.","og_url":"https:\/\/www.lelo.com\/fr\/blog\/contact\/","og_site_name":"Le Blog de LELO","article_publisher":"https:\/\/www.facebook.com\/LELO.lust.objectified","article_modified_time":"2025-02-19T08:38:43+00:00","og_image":[{"url":"https:\/\/www.lelo.com\/fr\/blog\/wp-content\/uploads\/2022\/06\/ad-970.png","type":"","width":"","height":""}],"twitter_card":"summary_large_image","twitter_site":"@EmaGauthier","twitter_misc":{"Dur\u00e9e de lecture estim\u00e9e":"1 minute"},"schema":{"@context":"https:\/\/schema.org","@graph":[{"@type":"WebPage","@id":"https:\/\/www.lelo.com\/fr\/blog\/contact\/","url":"https:\/\/www.lelo.com\/fr\/blog\/contact\/","name":"Contacter le blog de LELO","isPartOf":{"@id":"https:\/\/www.lelo.com\/fr\/blog\/#website"},"primaryImageOfPage":{"@id":"https:\/\/www.lelo.com\/fr\/blog\/contact\/#primaryimage"},"image":{"@id":"https:\/\/www.lelo.com\/fr\/blog\/contact\/#primaryimage"},"thumbnailUrl":"https:\/\/www.lelo.com\/fr\/blog\/wp-content\/uploads\/2022\/06\/ad-970.png","datePublished":"2012-09-27T08:48:40+00:00","dateModified":"2025-02-19T08:38:43+00:00","description":"Si vous d\u00e9sirez nous contacter, vous pouvez remplir notre formulaire. Notre \u00e9quipe aura grand plaisir \u00e0 vous r\u00e9pondre.","breadcrumb":{"@id":"https:\/\/www.lelo.com\/fr\/blog\/contact\/#breadcrumb"},"inLanguage":"fr-FR","potentialAction":[{"@type":"ReadAction","target":["https:\/\/www.lelo.com\/fr\/blog\/contact\/"]}]},{"@type":"ImageObject","inLanguage":"fr-FR","@id":"https:\/\/www.lelo.com\/fr\/blog\/contact\/#primaryimage","url":"https:\/\/www.lelo.com\/fr\/blog\/wp-content\/uploads\/2022\/06\/ad-970.png","contentUrl":"https:\/\/www.lelo.com\/fr\/blog\/wp-content\/uploads\/2022\/06\/ad-970.png","width":1462,"height":142},{"@type":"BreadcrumbList","@id":"https:\/\/www.lelo.com\/fr\/blog\/contact\/#breadcrumb","itemListElement":[{"@type":"ListItem","position":1,"name":"Accueil","item":"https:\/\/www.lelo.com\/fr\/blog\/"},{"@type":"ListItem","position":2,"name":"Contactez l\u2019\u00e9quipe du Blog de LELO"}]},{"@type":"WebSite","@id":"https:\/\/www.lelo.com\/fr\/blog\/#website","url":"https:\/\/www.lelo.com\/fr\/blog\/","name":"Le Blog de LELO","description":"","publisher":{"@id":"https:\/\/www.lelo.com\/fr\/blog\/#organization"},"potentialAction":[{"@type":"SearchAction","target":{"@type":"EntryPoint","urlTemplate":"https:\/\/www.lelo.com\/fr\/blog\/?s={search_term_string}"},"query-input":{"@type":"PropertyValueSpecification","valueRequired":true,"valueName":"search_term_string"}}],"inLanguage":"fr-FR"},{"@type":"Organization","@id":"https:\/\/www.lelo.com\/fr\/blog\/#organization","name":"LELO - le blog Volont\u00e9","url":"https:\/\/www.lelo.com\/fr\/blog\/","logo":{"@type":"ImageObject","inLanguage":"fr-FR","@id":"https:\/\/www.lelo.com\/fr\/blog\/#\/schema\/logo\/image\/","url":"https:\/\/www.lelo.com\/fr\/blog\/wp-content\/uploads\/2015\/03\/Volont\u00e9.jpg","contentUrl":"https:\/\/www.lelo.com\/fr\/blog\/wp-content\/uploads\/2015\/03\/Volont\u00e9.jpg","width":508,"height":188,"caption":"LELO - le blog Volont\u00e9"},"image":{"@id":"https:\/\/www.lelo.com\/fr\/blog\/#\/schema\/logo\/image\/"},"sameAs":["https:\/\/www.facebook.com\/LELO.lust.objectified","https:\/\/x.com\/EmaGauthier","https:\/\/www.pinterest.com\/emagauthier\/"]}]}},"_links":{"self":[{"href":"https:\/\/www.lelo.com\/fr\/blog\/wp-json\/wp\/v2\/pages\/33","targetHints":{"allow":["GET"]}}],"collection":[{"href":"https:\/\/www.lelo.com\/fr\/blog\/wp-json\/wp\/v2\/pages"}],"about":[{"href":"https:\/\/www.lelo.com\/fr\/blog\/wp-json\/wp\/v2\/types\/page"}],"author":[{"embeddable":true,"href":"https:\/\/www.lelo.com\/fr\/blog\/wp-json\/wp\/v2\/users\/5"}],"replies":[{"embeddable":true,"href":"https:\/\/www.lelo.com\/fr\/blog\/wp-json\/wp\/v2\/comments?post=33"}],"version-history":[{"count":12,"href":"https:\/\/www.lelo.com\/fr\/blog\/wp-json\/wp\/v2\/pages\/33\/revisions"}],"predecessor-version":[{"id":27578,"href":"https:\/\/www.lelo.com\/fr\/blog\/wp-json\/wp\/v2\/pages\/33\/revisions\/27578"}],"wp:attachment":[{"href":"https:\/\/www.lelo.com\/fr\/blog\/wp-json\/wp\/v2\/media?parent=33"}],"curies":[{"name":"wp","href":"https:\/\/api.w.org\/{rel}","templated":true}]}}