{"id":16741,"date":"2021-06-10T08:24:41","date_gmt":"2021-06-10T08:24:41","guid":{"rendered":"https:\/dev.lelo.com\/it\/blog\/?page_id=16741"},"modified":"2024-09-23T06:45:45","modified_gmt":"2024-09-23T06:45:45","slug":"chi-siamo","status":"publish","type":"page","link":"https:\/\/www.lelo.com\/it\/blog\/chi-siamo\/","title":{"rendered":"Chi siamo"},"content":{"rendered":"<h2><span style=\"color: #2e2e2e;\">Ciao! Benvenuta, benvenuto e benvenut<sup>*<\/sup> su Volont\u00e9.<\/span><\/h2>\n<p><span style=\"color: #2e2e2e;\">Volont\u00e9 \u00e8 il blog di novit\u00e0 e consigli di <strong><a style=\"color: #2e2e2e;\" href=\"https:\/\/www.lelo.com\/it\">LELO<\/a><\/strong> e, grazie a un gran numero di collaboratori sparsi in tutto il mondo e alle versioni in varie lingue, fin dal 2011 \u00e8 diventato il punto di riferimento del settore dei sex toy per suggerimenti sexy, veri e propri consigli, e dietro le quinte succulenti del meraviglioso mondo LELO. Collaboriamo anche con un gruppo di medici e psicologi specializzati nell&#8217;ambito della sessualit\u00e0 in modo da poterti offrire informazioni accurate e supportate dalla ricerca.<\/span><\/p>\n<p><span style=\"color: #2e2e2e;\">Volont\u00e9, francese per volont\u00e0, \u00e8 stato il nome del nostro brand prima che scegliessimo il pi\u00f9 universale LELO. Possiamo quindi affermare con certezza che Volont\u00e9 \u00e8 parte integrante di tutto quello che facciamo. Ti offriamo una serie di storie erotiche gratuite, informazioni sui nostri prodotti, tutte le novit\u00e0 che ci riguardano e, cosa ancora pi\u00f9 importante, consigli, dritte e suggerimenti sexy che vengono aggiornati quotidianamente.<\/span><\/p>\n<p><span style=\"color: #2e2e2e;\">Tutti i nostri collaboratori sono conoscitori di LELO da lunga data ed esperti di sessualit\u00e0, e sono pi\u00f9 che felici di condividere le proprie conoscenze ed esperienze con te. Volont\u00e9 riceve centinaia di migliaia di visite al giorno, e siamo sempre alla ricerca di nuovi, validi collaboratori. Quindi, se la sessualit\u00e0 \u00e8 la tua passione e sai esprimerti attraverso la tastiera di un computer, non esitare a <strong><a style=\"color: #2e2e2e;\" href=\"https:\/\/www.lelo.com\/it\/blog\/\/?page_id=73\">metterti in contatto<\/a><\/strong> con noi!<\/span><\/p>\n<p><span style=\"color: #2e2e2e;\">Se sei in cerca di un\u2019informazione in particolare, prova con uno di questi link, o <strong><a style=\"color: #2e2e2e;\" href=\"https:\/\/www.lelo.com\/it\/blog\/\/?page_id=73\">contattaci direttamente<\/a><\/strong>.<\/span><\/p>\n<ul>\n<li><span style=\"color: #2e2e2e;\"><a style=\"color: #2e2e2e;\" href=\"#newsletter-sec\"><strong>NEWSLETTER<\/strong><\/a><\/span><\/li>\n<li><strong><span style=\"color: #2e2e2e;\"><a style=\"color: #2e2e2e;\" href=\"https:\/\/www.lelo.com\/it\/azienda\/informativa-sulla-privacy\">PRIVACY<\/a><\/span><\/strong><\/li>\n<li><strong><span style=\"color: #2e2e2e;\"><a style=\"color: #2e2e2e;\" href=\"https:\/\/www.lelo.com\/it\/termini-di-utilizzo\">CONDIZIONI D&#8217;USO<\/a><\/span><\/strong><\/li>\n<li><strong><span style=\"color: #2e2e2e;\"><a style=\"color: #2e2e2e;\" href=\"https:\/\/www.lelo.com\/it\/garanzia\">GARANZIA<\/a><\/span><\/strong><\/li>\n<li><strong><span style=\"color: #2e2e2e;\"><a style=\"color: #2e2e2e;\" href=\"https:\/\/www.lelo.com\/it\/support-contact\">ASSISTENZA<\/a><\/span><\/strong><\/li>\n<\/ul>\n<div class=\"threecol first\"><\/p>\n<h3 class=\"contact-office\">Sede Centrale \/ Ufficio EU<\/h3>\n<p>LELOi AB, Karlavagen 41,<br \/>\n11431 Stockholm, Sweden<\/p>\n<p>Amministratore delegato: Miroslav Slavi\u0107<\/p>\n<p>Registrata presso il Registro Commerciale Svedese a Stoccolma, Svezia con VAT ID: SE 556631670801<\/p>\n<p>Fax: +46 8 613320<\/p>\n<p><strong>sales@lelo.com<\/strong><\/p>\n<p><\/div>\n<div class=\"threecol\"><\/p>\n<h3 class=\"contact-office\">Ufficio US<\/h3>\n<p>LELO Inc., 5799 Fontanoso Way, San Jose, CA, 95138, USA<\/p>\n<p>Tel: +1 877 872 5356<br \/>\nFax: +1 408 404 7111<\/p>\n<p><strong>usa@lelo.com<\/strong><\/p>\n<p><\/div>\n<div class=\"threecol\"><\/p>\n<h3 class=\"contact-office\">Ufficio Asia<\/h3>\n<p>LELO, 1701-1710, 75 South WanPing Rd., Shanghai, China 200032<\/p>\n<p>Tel: +86 21 54041891<br \/>\nFax: +86 21 54040116<\/p>\n<p><strong>sales.asia@lelo.com<\/strong><\/p>\n<p><\/div>\n<div class=\"threecol last\"><\/p>\n<h3 class=\"contact-office\">Ufficio Australia<\/h3>\n<p>Level 1, Suite 10, 1014 Doncaster Road, Doncaster East, VIC 3109, Australia<\/p>\n<p>Fax: +46 8 613320<\/p>\n<p><strong>customercare@lelo.com<\/strong><\/p>\n<p><\/div><div class=\"clearfix\"><\/div>\n","protected":false},"excerpt":{"rendered":"<p>Ciao! Benvenuta, benvenuto e benvenut* su Volont\u00e9. Volont\u00e9 \u00e8 il blog di novit\u00e0 e consigli di LELO e, grazie a un gran numero di collaboratori sparsi in tutto il mondo e alle versioni in varie lingue, fin dal 2011 \u00e8 diventato il punto di riferimento del settore dei sex toy per suggerimenti sexy, veri e propri consigli, e dietro le quinte succulenti del meraviglioso mondo LELO. Collaboriamo anche con un gruppo di medici e psicologi specializzati nell&#8217;ambito della sessualit\u00e0 in [&hellip;]<\/p>\n","protected":false},"author":3,"featured_media":18249,"parent":0,"menu_order":0,"comment_status":"closed","ping_status":"closed","template":"page-15zine-builder.php","meta":{"_acf_changed":false,"footnotes":""},"coauthors":[1513],"class_list":["post-16741","page","type-page","status-publish","has-post-thumbnail","hentry"],"acf":[],"yoast_head":"<!-- This site is optimized with the Yoast SEO plugin v26.8 - https:\/\/yoast.com\/product\/yoast-seo-wordpress\/ -->\n<title>Chi siamo - Volont\u00e9<\/title>\n<meta name=\"robots\" content=\"index, follow, max-snippet:-1, max-image-preview:large, max-video-preview:-1\" \/>\n<link rel=\"canonical\" href=\"https:\/\/www.lelo.com\/it\/blog\/chi-siamo\/\" \/>\n<meta property=\"og:locale\" content=\"it_IT\" \/>\n<meta property=\"og:type\" content=\"article\" \/>\n<meta property=\"og:title\" content=\"Chi siamo - Volont\u00e9\" \/>\n<meta property=\"og:description\" content=\"Ciao! Benvenuta, benvenuto e benvenut* su Volont\u00e9. Volont\u00e9 \u00e8 il blog di novit\u00e0 e consigli di LELO e, grazie a un gran numero di collaboratori sparsi in tutto il mondo e alle versioni in varie lingue, fin dal 2011 \u00e8 diventato il punto di riferimento del settore dei sex toy per suggerimenti sexy, veri e propri consigli, e dietro le quinte succulenti del meraviglioso mondo LELO. Collaboriamo anche con un gruppo di medici e psicologi specializzati nell&#8217;ambito della sessualit\u00e0 in [&hellip;]\" \/>\n<meta property=\"og:url\" content=\"https:\/\/www.lelo.com\/it\/blog\/chi-siamo\/\" \/>\n<meta property=\"og:site_name\" content=\"Volont\u00e9\" \/>\n<meta property=\"article:publisher\" content=\"https:\/\/www.facebook.com\/LELO.lust.objectified\" \/>\n<meta property=\"article:modified_time\" content=\"2024-09-23T06:45:45+00:00\" \/>\n<meta property=\"og:image\" content=\"https:\/\/www.lelo.com\/it\/blog\/wp-content\/uploads\/2022\/06\/why-do-people-cheat_850x425-1.jpg\" \/>\n\t<meta property=\"og:image:width\" content=\"850\" \/>\n\t<meta property=\"og:image:height\" content=\"425\" \/>\n\t<meta property=\"og:image:type\" content=\"image\/jpeg\" \/>\n<meta name=\"twitter:card\" content=\"summary_large_image\" \/>\n<meta name=\"twitter:site\" content=\"@Lelo_Official\" \/>\n<meta name=\"twitter:label1\" content=\"Tempo di lettura stimato\" \/>\n\t<meta name=\"twitter:data1\" content=\"3 minuti\" \/>\n\t<meta name=\"twitter:label2\" content=\"Scritto da\" \/>\n\t<meta name=\"twitter:data2\" content=\"Fiamma Raffaelli\" \/>\n<script type=\"application\/ld+json\" class=\"yoast-schema-graph\">{\"@context\":\"https:\/\/schema.org\",\"@graph\":[{\"@type\":\"WebPage\",\"@id\":\"https:\/\/www.lelo.com\/it\/blog\/chi-siamo\/\",\"url\":\"https:\/\/www.lelo.com\/it\/blog\/chi-siamo\/\",\"name\":\"Chi siamo - Volont\u00e9\",\"isPartOf\":{\"@id\":\"https:\/\/www.lelo.com\/it\/blog\/#website\"},\"primaryImageOfPage\":{\"@id\":\"https:\/\/www.lelo.com\/it\/blog\/chi-siamo\/#primaryimage\"},\"image\":{\"@id\":\"https:\/\/www.lelo.com\/it\/blog\/chi-siamo\/#primaryimage\"},\"thumbnailUrl\":\"https:\/\/www.lelo.com\/it\/blog\/wp-content\/uploads\/2022\/06\/why-do-people-cheat_850x425-1.jpg\",\"datePublished\":\"2021-06-10T08:24:41+00:00\",\"dateModified\":\"2024-09-23T06:45:45+00:00\",\"inLanguage\":\"it-IT\",\"potentialAction\":[{\"@type\":\"ReadAction\",\"target\":[\"https:\/\/www.lelo.com\/it\/blog\/chi-siamo\/\"]}]},{\"@type\":\"ImageObject\",\"inLanguage\":\"it-IT\",\"@id\":\"https:\/\/www.lelo.com\/it\/blog\/chi-siamo\/#primaryimage\",\"url\":\"https:\/\/www.lelo.com\/it\/blog\/wp-content\/uploads\/2022\/06\/why-do-people-cheat_850x425-1.jpg\",\"contentUrl\":\"https:\/\/www.lelo.com\/it\/blog\/wp-content\/uploads\/2022\/06\/why-do-people-cheat_850x425-1.jpg\",\"width\":850,\"height\":425},{\"@type\":\"WebSite\",\"@id\":\"https:\/\/www.lelo.com\/it\/blog\/#website\",\"url\":\"https:\/\/www.lelo.com\/it\/blog\/\",\"name\":\"Volont\u00e9\",\"description\":\"Il Piacere Secondo LELO\",\"potentialAction\":[{\"@type\":\"SearchAction\",\"target\":{\"@type\":\"EntryPoint\",\"urlTemplate\":\"https:\/\/www.lelo.com\/it\/blog\/?s={search_term_string}\"},\"query-input\":{\"@type\":\"PropertyValueSpecification\",\"valueRequired\":true,\"valueName\":\"search_term_string\"}}],\"inLanguage\":\"it-IT\"}]}<\/script>\n<!-- \/ Yoast SEO plugin. -->","yoast_head_json":{"title":"Chi siamo - Volont\u00e9","robots":{"index":"index","follow":"follow","max-snippet":"max-snippet:-1","max-image-preview":"max-image-preview:large","max-video-preview":"max-video-preview:-1"},"canonical":"https:\/\/www.lelo.com\/it\/blog\/chi-siamo\/","og_locale":"it_IT","og_type":"article","og_title":"Chi siamo - Volont\u00e9","og_description":"Ciao! Benvenuta, benvenuto e benvenut* su Volont\u00e9. Volont\u00e9 \u00e8 il blog di novit\u00e0 e consigli di LELO e, grazie a un gran numero di collaboratori sparsi in tutto il mondo e alle versioni in varie lingue, fin dal 2011 \u00e8 diventato il punto di riferimento del settore dei sex toy per suggerimenti sexy, veri e propri consigli, e dietro le quinte succulenti del meraviglioso mondo LELO. Collaboriamo anche con un gruppo di medici e psicologi specializzati nell&#8217;ambito della sessualit\u00e0 in [&hellip;]","og_url":"https:\/\/www.lelo.com\/it\/blog\/chi-siamo\/","og_site_name":"Volont\u00e9","article_publisher":"https:\/\/www.facebook.com\/LELO.lust.objectified","article_modified_time":"2024-09-23T06:45:45+00:00","og_image":[{"width":850,"height":425,"url":"https:\/\/www.lelo.com\/it\/blog\/wp-content\/uploads\/2022\/06\/why-do-people-cheat_850x425-1.jpg","type":"image\/jpeg"}],"twitter_card":"summary_large_image","twitter_site":"@Lelo_Official","twitter_misc":{"Tempo di lettura stimato":"3 minuti","Scritto da":"Fiamma Raffaelli"},"schema":{"@context":"https:\/\/schema.org","@graph":[{"@type":"WebPage","@id":"https:\/\/www.lelo.com\/it\/blog\/chi-siamo\/","url":"https:\/\/www.lelo.com\/it\/blog\/chi-siamo\/","name":"Chi siamo - Volont\u00e9","isPartOf":{"@id":"https:\/\/www.lelo.com\/it\/blog\/#website"},"primaryImageOfPage":{"@id":"https:\/\/www.lelo.com\/it\/blog\/chi-siamo\/#primaryimage"},"image":{"@id":"https:\/\/www.lelo.com\/it\/blog\/chi-siamo\/#primaryimage"},"thumbnailUrl":"https:\/\/www.lelo.com\/it\/blog\/wp-content\/uploads\/2022\/06\/why-do-people-cheat_850x425-1.jpg","datePublished":"2021-06-10T08:24:41+00:00","dateModified":"2024-09-23T06:45:45+00:00","inLanguage":"it-IT","potentialAction":[{"@type":"ReadAction","target":["https:\/\/www.lelo.com\/it\/blog\/chi-siamo\/"]}]},{"@type":"ImageObject","inLanguage":"it-IT","@id":"https:\/\/www.lelo.com\/it\/blog\/chi-siamo\/#primaryimage","url":"https:\/\/www.lelo.com\/it\/blog\/wp-content\/uploads\/2022\/06\/why-do-people-cheat_850x425-1.jpg","contentUrl":"https:\/\/www.lelo.com\/it\/blog\/wp-content\/uploads\/2022\/06\/why-do-people-cheat_850x425-1.jpg","width":850,"height":425},{"@type":"WebSite","@id":"https:\/\/www.lelo.com\/it\/blog\/#website","url":"https:\/\/www.lelo.com\/it\/blog\/","name":"Volont\u00e9","description":"Il Piacere Secondo LELO","potentialAction":[{"@type":"SearchAction","target":{"@type":"EntryPoint","urlTemplate":"https:\/\/www.lelo.com\/it\/blog\/?s={search_term_string}"},"query-input":{"@type":"PropertyValueSpecification","valueRequired":true,"valueName":"search_term_string"}}],"inLanguage":"it-IT"}]}},"_links":{"self":[{"href":"https:\/\/www.lelo.com\/it\/blog\/wp-json\/wp\/v2\/pages\/16741","targetHints":{"allow":["GET"]}}],"collection":[{"href":"https:\/\/www.lelo.com\/it\/blog\/wp-json\/wp\/v2\/pages"}],"about":[{"href":"https:\/\/www.lelo.com\/it\/blog\/wp-json\/wp\/v2\/types\/page"}],"author":[{"embeddable":true,"href":"https:\/\/www.lelo.com\/it\/blog\/wp-json\/wp\/v2\/users\/3"}],"replies":[{"embeddable":true,"href":"https:\/\/www.lelo.com\/it\/blog\/wp-json\/wp\/v2\/comments?post=16741"}],"version-history":[{"count":32,"href":"https:\/\/www.lelo.com\/it\/blog\/wp-json\/wp\/v2\/pages\/16741\/revisions"}],"predecessor-version":[{"id":21658,"href":"https:\/\/www.lelo.com\/it\/blog\/wp-json\/wp\/v2\/pages\/16741\/revisions\/21658"}],"wp:featuredmedia":[{"embeddable":true,"href":"https:\/\/www.lelo.com\/it\/blog\/wp-json\/wp\/v2\/media\/18249"}],"wp:attachment":[{"href":"https:\/\/www.lelo.com\/it\/blog\/wp-json\/wp\/v2\/media?parent=16741"}],"wp:term":[{"taxonomy":"author","embeddable":true,"href":"https:\/\/www.lelo.com\/it\/blog\/wp-json\/wp\/v2\/coauthors?post=16741"}],"curies":[{"name":"wp","href":"https:\/\/api.w.org\/{rel}","templated":true}]}}